{"id":4427,"date":"2018-02-02T02:47:43","date_gmt":"2018-02-02T02:47:43","guid":{"rendered":"http:\/\/campicarn.pt\/?page_id=4427"},"modified":"2018-02-21T17:07:47","modified_gmt":"2018-02-21T17:07:47","slug":"home-es","status":"publish","type":"page","link":"http:\/\/campicarn.pt\/es\/","title":{"rendered":"Home es"},"content":{"rendered":"<p>[vc_row full_width=\u00bbstretch_row_content_no_spaces\u00bb bg_type=\u00bbbg_color\u00bb][vc_column][vc_empty_space][vc_empty_space][vc_custom_heading text=\u00bbNuestros <strong>productos<\/strong>\u00bb font_container=\u00bbtag:h2|text_align:center|color:%23000000&#8243; google_fonts=\u00bbfont_family:Lato%3A100%2C100italic%2C300%2C300italic%2Cregular%2Citalic%2C700%2C700italic%2C900%2C900italic|font_style:300%20light%20regular%3A300%3Anormal\u00bb css_animation=\u00bbfadeIn\u00bb][vc_empty_space][vc_column_text]<\/p>\n <!-- Carousel Style & Script for  gallery-1 -->\r\n    \r\n<script type=\"text\/javascript\">\/\/ <![CDATA[\r\n\/* START --- Image Carousel --- *\/\r\n\r\njQuery(document).ready(function($) {\r\n\t\r\n\t\t\r\n\t\/\/ Replace default title to more fancy :)\r\n\t$('.ghozylab-gallery-nolightbox img').each(function(i) {\r\n\t\t\r\n\t\t$alt = $(this).attr('alt');\r\n\t\t\r\n\t\t$(this).attr('alt', $alt.replace(\/-|_\/g, ' '));\r\n\t\t\r\n\t\t$altnew = $(this).attr('alt').toLowerCase().replace(\/\\b[a-z]\/g, function(letter) {\r\n\t\t\t\r\n\t\t\t    return letter.toUpperCase();\r\n\t\t\t\t\r\n\t\t\t});\r\n\t\t\t\r\n\t\t$(this).attr('alt', $altnew );\r\n\t\t\r\n\t\t});\r\n\t\t\r\n\t\t\r\n\t\r\n\t$('#icppreloader-gallery-1').fadeOut(2000, function () {\r\n\t$('#gallery-1').fadeIn(3000);\t\r\n\tvar slider1 = $('#gallery-1').bxSlider({\r\n\t\tauto: true,\r\n\t\tpause: 3000,\r\n\t\tautoHover: true,\r\n\t\tminSlides: 1,\r\n\t\tmaxSlides: 10,\r\n\t\tslideWidth: 315,\r\n\t\tslideMargin: 5,\r\n\t\tinfiniteLoop: true,\r\n\t\tcaptions: false,\r\n\t\tcaptionsMode: 'alt',\r\n\t\tadaptiveHeight: false,\r\n\t\tuseCSS: false,\r\n\t\tpager: false,\r\n\t\teasing: 'easeInSine',\r\n\t\tspeed: 2500,\r\n\t\tpreloadImages: 'all',\r\n\t\tonSlideBefore: function() {\r\n\t\t\t$('#gallery-1 .bx-caption').slideUp();\r\n            },\r\n\t\t\tonSlideAfter: function($slideElement, oldIndex, newIndex) {\r\n\t\t\t\t        \t\tslider1.stopAuto();\r\n        \t\tslider1.startAuto();\r\n\t\t\t\t\t\t\t\t$('#gallery-1 .bx-caption').slideDown();\r\n            }\r\n\t\t});\r\n\r\n\t});\r\n});\r\n\r\n\/* END --- Image Carousel --- *\/\r\n\r\n\/\/ ]]><\/script>\r\n\r\n\r\n<style type=\"text\/css\">\r\n\r\n\t\t\t.carousel-item img {\r\n\t\t\t\twidth: 100%;\r\n\t\t\t\tmargin: 0 auto;\r\n\t\t\t\tborder:none !important;\r\n\t\t\t\tborder-radius: 0px !important;\r\n\t\t\t\tbox-shadow:none !important;\r\n\t\t\t\t\r\n\t\t\t}\r\n\r\n.bx-controls-direction a {\r\n\tdisplay: none;\r\n\t}\r\n\t\r\n.bx-wrapper:hover .bx-controls-direction a {\r\n\tdisplay: block;\r\n\t}\r\n\t\r\n1\t\r\n\t\r\n<\/style>\r\n\r\n\r\n\n\t\t<div id='icppreloader-gallery-1' class='icpsliderpreloader'><\/div><div style='display:none;' id='gallery-1' class='ghozylab-gallery-nolightbox galleryid-4427 gallery-size-full'><div class='carousel-item'><a  target=\"_self\"  href='nuestros-productos\/media-canal-cortes\/'><img loading=\"lazy\" decoding=\"async\" width=\"315\" height=\"316\" src=\"http:\/\/campicarn.pt\/wp-content\/uploads\/image_carousel_thumbs\/es-media-canal-e1518455385949-nlrrguuzd2f8x7svzjlv2nyd4fv8znxg5myh00b8r2.png\" class=\"attachment-full size-full\" alt=\"\" \/><\/a><\/div><div class='carousel-item'><a  target=\"_self\"  href='nuestros-productos\/piezas-de-carniceria\/'><img loading=\"lazy\" decoding=\"async\" width=\"316\" height=\"315\" src=\"http:\/\/campicarn.pt\/wp-content\/uploads\/image_carousel_thumbs\/es-piezas-e1518455348916-nlrrfw2yc73mzn7emmko0eqb56mo2v3douti8rqt5a.png\" class=\"attachment-full size-full\" alt=\"\" \/><\/a><\/div><div class='carousel-item'><a  target=\"_self\"  href='nuestros-productos\/corte-fino\/'><img loading=\"lazy\" decoding=\"async\" width=\"315\" height=\"316\" src=\"http:\/\/campicarn.pt\/wp-content\/uploads\/image_carousel_thumbs\/Imagem3-e1515514796110-nk4ipz08wnx29jezqy6971s7x37va42tpfvmmz4opa.png\" class=\"attachment-full size-full\" alt=\"\" \/><\/a><\/div><div class='carousel-item'><a  target=\"_self\"  href='nuestros-productos\/elaborados-frescos\/'><img loading=\"lazy\" decoding=\"async\" width=\"318\" height=\"315\" src=\"http:\/\/campicarn.pt\/wp-content\/uploads\/image_carousel_thumbs\/es-elaborados-frescos-2-e1518455647999-nlrrnp4p3nsdf1v61i247xt4re5f0d34fhvoqi63gu.png\" class=\"attachment-full size-full\" alt=\"\" \/><\/a><\/div><div class='carousel-item'><a  target=\"_self\"  href='nuestros-productos\/elaborados-ultracongelados\/'><img loading=\"lazy\" decoding=\"async\" width=\"316\" height=\"315\" src=\"http:\/\/campicarn.pt\/wp-content\/uploads\/image_carousel_thumbs\/es-elaborados-ucg-1-nlrrr658cmjib6tkri3hxk9frn18g3vf8on9kb0qha.png\" class=\"attachment-full size-full\" alt=\"\" \/><\/a><\/div>\r\n\t\t<\/div>\n\n<p>[\/vc_column_text][vc_empty_space][\/vc_column][\/vc_row][vc_row][vc_column][vc_empty_space height=\u00bb60px\u00bb][vc_custom_heading text=\u00bbNuestro <strong>compromiso<\/strong>\u00bb font_container=\u00bbtag:h2|text_align:center|color:%23050505&#8243; google_fonts=\u00bbfont_family:Lato%3A100%2C100italic%2C300%2C300italic%2Cregular%2Citalic%2C700%2C700italic%2C900%2C900italic|font_style:300%20light%20regular%3A300%3Anormal\u00bb css_animation=\u00bbfadeIn\u00bb][\/vc_column][\/vc_row][vc_row full_width=\u00bbstretch_row_content\u00bb full_height=\u00bbyes\u00bb equal_height=\u00bbyes\u00bb content_placement=\u00bbmiddle\u00bb css=\u00bb.vc_custom_1511132409563{padding-top: 92px !important;}\u00bb el_class=\u00bbabout\u00bb][vc_column width=\u00bb1\/2&#8243;][vc_single_image image=\u00bb2589&#8243; img_size=\u00bb1084\u00d7736&#8243;][\/vc_column][vc_column width=\u00bb1\/2&#8243;][vc_empty_space height=\u00bb60px\u00bb][vc_row_inner][vc_column_inner width=\u00bb1\/2&#8243;][vc_icon image_icon=\u00bb2591&#8243; color=\u00bbcustom\u00bb background_style=\u00bbrounded-outline\u00bb background_color=\u00bbpurple\u00bb]<\/p>\n<h4><span style=\"color: #f52000;\">ORIGEN<\/span><\/h4>\n<h3><span style=\"color: #f52000;\"><strong>SELECCIONADA<\/strong><\/span><\/h3>\n<p>[\/vc_icon][vc_column_text]La materia prima es proporcionada por proveedores seleccionados, auditados por nuestros t\u00e9cnicos. Campicarn ha desarrollado colaboraciones estrat\u00e9gicas con mataderos nacionales e internacionales donde se respeta el sacrificio humanitario de los animales. Para garantizar productos y proteger al consumidor, Campicarn dispone de un sistema de trazabilidad integrada, est\u00e1ndares de higiene y saneamiento industrial y el absoluto respeto por la cadena de frio en la b\u00fasqueda de la excelencia industrial.[\/vc_column_text][\/vc_column_inner][vc_column_inner width=\u00bb1\/2&#8243;][vc_icon image_icon=\u00bb2592&#8243; color=\u00bbcustom\u00bb background_style=\u00bbrounded-outline\u00bb background_color=\u00bbpurple\u00bb]<\/p>\n<h4><span style=\"color: #f52000;\"><\/span><\/h4>\n<h3><span style=\"color: #f52000;\"><strong>SOSTENIBILIDAD\u00a0<\/strong><\/span><\/h3>\n<p>[\/vc_icon][vc_column_text]<span class=\"EOP SCXW249306692\" data-ccp-props=\"{&quot;201341983&quot;:0,&quot;335559739&quot;:160,&quot;335559740&quot;:259}\">La producci\u00f3n animal, propia o recurriendo a proveedores de referencia, respeta la creciente exigencia de los consumidores con respecto al bienestar animal y a la sostenibilidad de los sistemas de producci\u00f3n animal.\u00a0<\/span>[\/vc_column_text][\/vc_column_inner][\/vc_row_inner][vc_empty_space height=\u00bb60px\u00bb][vc_row_inner][vc_column_inner width=\u00bb1\/2&#8243;][vc_icon image_icon=\u00bb2593&#8243; color=\u00bbcustom\u00bb background_style=\u00bbrounded-outline\u00bb background_color=\u00bbpurple\u00bb]<\/p>\n<h4><span style=\"color: #f52000;\">SABOR Y\u00a0<\/span><\/h4>\n<h3><span style=\"color: #f52000;\"><strong>FRESCURA<\/strong><\/span><\/h3>\n<p>[\/vc_icon][vc_column_text]Nuestra distribuci\u00f3n le lleva lo mejor de la carne. Est\u00e1 integrada por una gran flota de veh\u00edculos que garantiza un servicio de entrega r\u00e1pido y eficiente, permitiendo que nuestros clientes reciban, diariamente, la calidad y frescura a la que est\u00e1n acostumbrados.[\/vc_column_text][\/vc_column_inner][vc_column_inner width=\u00bb1\/2&#8243;][vc_icon image_icon=\u00bb2594&#8243; color=\u00bbcustom\u00bb background_style=\u00bbrounded-outline\u00bb background_color=\u00bbpurple\u00bb]<\/p>\n<h4><span style=\"color: #f52000;\">CALIDAD<\/span><\/h4>\n<h3><span style=\"color: #f52000;\"><strong>CERTIFICADA<\/strong><\/span><\/h3>\n<p>[\/vc_icon][vc_column_text]En Campicarn, la calidad es lo primero: la empresa cuenta con la certificaci\u00f3n por la norma global de seguridad alimentaria \u2013 BRC Food, que respeta las exigencias de los mayores vendedores y productores de alimentos a nivel mundial.[\/vc_column_text][\/vc_column_inner][\/vc_row_inner][\/vc_column][\/vc_row][vc_row][vc_column][vc_empty_space height=\u00bb60px\u00bb][\/vc_column][vc_column][\/vc_column][\/vc_row][vc_row full_width=\u00bbstretch_row_content_no_spaces\u00bb equal_height=\u00bbyes\u00bb content_placement=\u00bbmiddle\u00bb bg_type=\u00bbimage\u00bb parallax_style=\u00bbvcpb-default\u00bb bg_image_new=\u00bbid^2458|url^http:\/\/campicarn.pt\/wp-content\/uploads\/2017\/11\/IMG_3538.jpg|caption^null|alt^null|title^IMG_3538|description^null\u00bb bg_image_repeat=\u00bbno-repeat\u00bb bg_image_size=\u00bbinitial\u00bb enable_overlay=\u00bbenable_overlay_value\u00bb overlay_pattern=\u00bb01.png\u00bb overlay_pattern_opacity=\u00bb80&#8243;][vc_column][vc_row_inner][vc_column_inner width=\u00bb1\/3&#8243;][vc_empty_space height=\u00bb35px\u00bb]<div class=\"stats-block stats-top  \"><div class=\"aio-icon-top\"><div class=\"ult-just-icon-wrapper  \"><div class=\"align-icon\" style=\"text-align:center;\">\n<div class=\"aio-icon-img \" style=\"font-size:60px;border-style:solid;border-color:#ffffff;border-width:2px;padding:25px;border-radius:300px;display:inline-block;\" >\n\t<img decoding=\"async\" class=\"img-icon\" alt=\"\" src=\"http:\/\/campicarn.pt\/wp-content\/uploads\/2016\/01\/cow-silhouette.png\"\/>\n<\/div><\/div><\/div><\/div><div class=\"stats-desc\" id=\"counter-responsv-wrap-3166\"><div id=\"counter_103407048369e759a337868\" data-id=\"counter_103407048369e759a337868\"  data-ultimate-target='#counter-responsv-wrap-3166 .stats-number'  data-responsive-json-new='{\"font-size\":\"desktop:32px;\",\"line-height\":\"\"}'  class=\"stats-number ult-responsive\" style=\" color:#ffffff; color:#ffffff;\" data-speed=\"3\" data-counter-value=\"500\" data-separator=\".\" data-decimal=\",\">0<\/div><div counter-responsv-wrap-3166  data-ultimate-target='#counter-responsv-wrap-3166 .stats-text'  data-responsive-json-new='{\"font-size\":\"desktop:14px;\",\"line-height\":\"\"}'  class=\"stats-text ult-responsive\" style=\"font-size:px; color:#ffffff; \">Toneladas \/ Semana<br \/>\nBovinos<\/div><\/div><\/div>[vc_empty_space height=\u00bb30px\u00bb][\/vc_column_inner][vc_column_inner width=\u00bb1\/3&#8243;][vc_empty_space height=\u00bb35px\u00bb]<div class=\"stats-block stats-top  \"><div class=\"aio-icon-top\"><div class=\"ult-just-icon-wrapper  \"><div class=\"align-icon\" style=\"text-align:center;\">\n<div class=\"aio-icon-img \" style=\"font-size:60px;border-style:solid;border-color:#ffffff;border-width:2px;padding:25px;border-radius:300px;display:inline-block;\" >\n\t<img decoding=\"async\" class=\"img-icon\" alt=\"\" src=\"http:\/\/campicarn.pt\/wp-content\/uploads\/2016\/01\/meat-slice.png\"\/>\n<\/div><\/div><\/div><\/div><div class=\"stats-desc\" id=\"counter-responsv-wrap-1165\"><div id=\"counter_110624742769e759a337b32\" data-id=\"counter_110624742769e759a337b32\"  data-ultimate-target='#counter-responsv-wrap-1165 .stats-number'  data-responsive-json-new='{\"font-size\":\"desktop:32px;\",\"line-height\":\"\"}'  class=\"stats-number ult-responsive\" style=\" color:#ffffff; color:#ffffff;\" data-speed=\"3\" data-counter-value=\"80\" data-separator=\".\" data-decimal=\",\">0<\/div><div counter-responsv-wrap-1165  data-ultimate-target='#counter-responsv-wrap-1165 .stats-text'  data-responsive-json-new='{\"font-size\":\"desktop:14px;\",\"line-height\":\"\"}'  class=\"stats-text ult-responsive\" style=\"font-size:px; color:#ffffff; \">Unidades \/ Minuto<br \/>\nCuvetes<\/div><\/div><\/div>[vc_empty_space height=\u00bb30px\u00bb][\/vc_column_inner][vc_column_inner width=\u00bb1\/3&#8243;][vc_empty_space height=\u00bb35px\u00bb]<div class=\"stats-block stats-top  \"><div class=\"aio-icon-top\"><div class=\"ult-just-icon-wrapper  \"><div class=\"align-icon\" style=\"text-align:center;\">\n<div class=\"aio-icon-img \" style=\"font-size:60px;border-style:solid;border-color:#ffffff;border-width:2px;padding:25px;border-radius:300px;display:inline-block;\" >\n\t<img decoding=\"async\" class=\"img-icon\" alt=\"\" src=\"http:\/\/campicarn.pt\/wp-content\/uploads\/2017\/11\/cutlet.png\"\/>\n<\/div><\/div><\/div><\/div><div class=\"stats-desc\" id=\"counter-responsv-wrap-7549\"><div id=\"counter_118410979869e759a337df8\" data-id=\"counter_118410979869e759a337df8\"  data-ultimate-target='#counter-responsv-wrap-7549 .stats-number'  data-responsive-json-new='{\"font-size\":\"desktop:32px;\",\"line-height\":\"\"}'  class=\"stats-number ult-responsive\" style=\" color:#ffffff; color:#ffffff;\" data-speed=\"3\" data-counter-value=\"100\" data-separator=\".\" data-decimal=\",\">0<\/div><div counter-responsv-wrap-7549  data-ultimate-target='#counter-responsv-wrap-7549 .stats-text'  data-responsive-json-new='{\"font-size\":\"desktop:14px;\",\"line-height\":\"\"}'  class=\"stats-text ult-responsive\" style=\"font-size:px; color:#ffffff; \">Toneladas \/ Semana Preparados<\/div><\/div><\/div>[vc_empty_space height=\u00bb30px\u00bb][\/vc_column_inner][\/vc_row_inner][\/vc_column][\/vc_row]<\/p>\n","protected":false},"excerpt":{"rendered":"<p>[vc_row full_width=\u00bbstretch_row_content_no_spaces\u00bb bg_type=\u00bbbg_color\u00bb][vc_column][vc_empty_space][vc_empty_space][vc_custom_heading text=\u00bbNuestros productos\u00bb font_container=\u00bbtag:h2|text_align:center|color:%23000000&#8243; google_fonts=\u00bbfont_family:Lato%3A100%2C100italic%2C300%2C300italic%2Cregular%2Citalic%2C700%2C700italic%2C900%2C900italic|font_style:300%20light%20regular%3A300%3Anormal\u00bb css_animation=\u00bbfadeIn\u00bb][vc_empty_space][vc_column_text] [\/vc_column_text][vc_empty_space][\/vc_column][\/vc_row][vc_row][vc_column][vc_empty_space height=\u00bb60px\u00bb][vc_custom_heading text=\u00bbNuestro compromiso\u00bb font_container=\u00bbtag:h2|text_align:center|color:%23050505&#8243; google_fonts=\u00bbfont_family:Lato%3A100%2C100italic%2C300%2C300italic%2Cregular%2Citalic%2C700%2C700italic%2C900%2C900italic|font_style:300%20light%20regular%3A300%3Anormal\u00bb css_animation=\u00bbfadeIn\u00bb][\/vc_column][\/vc_row][vc_row full_width=\u00bbstretch_row_content\u00bb full_height=\u00bbyes\u00bb equal_height=\u00bbyes\u00bb content_placement=\u00bbmiddle\u00bb css=\u00bb.vc_custom_1511132409563{padding-top: 92px !important;}\u00bb el_class=\u00bbabout\u00bb][vc_column width=\u00bb1\/2&#8243;][vc_single_image image=\u00bb2589&#8243; img_size=\u00bb1084\u00d7736&#8243;][\/vc_column][vc_column width=\u00bb1\/2&#8243;][vc_empty_space height=\u00bb60px\u00bb][vc_row_inner][vc_column_inner width=\u00bb1\/2&#8243;][vc_icon image_icon=\u00bb2591&#8243; color=\u00bbcustom\u00bb background_style=\u00bbrounded-outline\u00bb background_color=\u00bbpurple\u00bb] ORIGEN SELECCIONADA [\/vc_icon][vc_column_text]La materia prima es proporcionada por proveedores seleccionados, auditados por nuestros t\u00e9cnicos. Campicarn ha desarrollado [&hellip;]<\/p>\n","protected":false},"author":1,"featured_media":0,"parent":0,"menu_order":0,"comment_status":"closed","ping_status":"closed","template":"","meta":{"footnotes":""},"_links":{"self":[{"href":"http:\/\/campicarn.pt\/es\/wp-json\/wp\/v2\/pages\/4427"}],"collection":[{"href":"http:\/\/campicarn.pt\/es\/wp-json\/wp\/v2\/pages"}],"about":[{"href":"http:\/\/campicarn.pt\/es\/wp-json\/wp\/v2\/types\/page"}],"author":[{"embeddable":true,"href":"http:\/\/campicarn.pt\/es\/wp-json\/wp\/v2\/users\/1"}],"replies":[{"embeddable":true,"href":"http:\/\/campicarn.pt\/es\/wp-json\/wp\/v2\/comments?post=4427"}],"version-history":[{"count":18,"href":"http:\/\/campicarn.pt\/es\/wp-json\/wp\/v2\/pages\/4427\/revisions"}],"predecessor-version":[{"id":4645,"href":"http:\/\/campicarn.pt\/es\/wp-json\/wp\/v2\/pages\/4427\/revisions\/4645"}],"wp:attachment":[{"href":"http:\/\/campicarn.pt\/es\/wp-json\/wp\/v2\/media?parent=4427"}],"curies":[{"name":"wp","href":"https:\/\/api.w.org\/{rel}","templated":true}]}}