{"id":4451,"date":"2018-02-02T03:06:09","date_gmt":"2018-02-02T03:06:09","guid":{"rendered":"http:\/\/campicarn.pt\/?page_id=4451"},"modified":"2018-02-26T18:55:01","modified_gmt":"2018-02-26T18:55:01","slug":"calidad-y-seguridad-alimentaria","status":"publish","type":"page","link":"http:\/\/campicarn.pt\/es\/calidad-y-seguridad-alimentaria\/","title":{"rendered":"Calidad y seguridad alimentaria"},"content":{"rendered":"<p>[vc_row wrap_container=\u00bbyes\u00bb gap=\u00bb30&#8243;][vc_column width=\u00bb1\/2&#8243;][vc_column_text]<\/p>\n<h2 style=\"text-align: left; color: #993300;\"><em>Productos Alimentarios Sanos y Seguros<\/em><\/h2>\n<p>[\/vc_column_text][vc_empty_space height=\u00bb50px\u00bb][vc_column_text]<\/p>\n<p style=\"font-size: 15px;\"><strong>Campicarn<\/strong> pretende satisfacer las necesidades de los clientes y consumidores, por lo que su preocupaci\u00f3n es ofrecer productos alimentarios sanos y seguros.<\/p>\n<p>[\/vc_column_text][vc_empty_space][vc_column_text]<\/p>\n<p style=\"font-size: 15px;\">Fomentamos una comunicaci\u00f3n constante entre clientes, proveedores y colaboradores para identificar y controlar los factores de riesgo.<\/p>\n<p>[\/vc_column_text][vc_empty_space][vc_column_text]<\/p>\n<p style=\"font-size: 15px;\">\u00a0Asimismo, estamos convencidos de que no basta con hacer las cosas bien y de forma segura, es necesario demostrarlo.<\/p>\n<p>[\/vc_column_text][\/vc_column][vc_column width=\u00bb1\/2&#8243;][vc_single_image image=\u00bb4890&#8243; img_size=\u00bb546 \u00d7 435&#8243;][vc_empty_space][\/vc_column][\/vc_row][vc_row wrap_container=\u00bbyes\u00bb gap=\u00bb30&#8243;][vc_column width=\u00bb1\/2&#8243;][vc_single_image image=\u00bb3023&#8243; img_size=\u00bb546 \u00d7 435&#8243;][vc_empty_space][\/vc_column][vc_column width=\u00bb1\/2&#8243;][vc_column_text]<\/p>\n<h2 style=\"text-align: left; color: #993300;\"><em>Seguridad Alimentaria<\/em><\/h2>\n<p>[\/vc_column_text][vc_empty_space height=\u00bb50px\u00bb][vc_column_text]<\/p>\n<p style=\"font-size: 15px;\">De esta forma, la empresa posee la certificaci\u00f3n de la norma global de seguridad alimentaria &#8211; BRC Food, reconocida por la Global Food Safety Initiative \u2013 Sistema de Gesti\u00f3n de Seguridad Alimentaria, cuyo objetivo es armonizar las normas internacionales de seguridad alimentaria y que cumple las exigencias de los mayores vendedores y productores de alimentos a nivel mundial.<\/p>\n<p>[\/vc_column_text][\/vc_column][\/vc_row][vc_row wrap_container=\u00bbyes\u00bb gap=\u00bb30&#8243;][vc_column width=\u00bb1\/2&#8243;][vc_column_text]<\/p>\n<h2 style=\"text-align: left; color: #993300;\"><em>Garant\u00eda de Calidad<\/em><\/h2>\n<p>[\/vc_column_text][vc_empty_space height=\u00bb50px\u00bb][vc_column_text]<\/p>\n<p style=\"font-size: 15px;\">La gesti\u00f3n de los sistemas de garant\u00eda de calidad, de auditor\u00eda y de control de procesos industriales se realiza mediante el Sistema HACCP (Hazard Analysis Critical Control Point &#8211; An\u00e1lisis de Peligros y Puntos Cr\u00edticos de Control), a trav\u00e9s de la identificaci\u00f3n y control de peligros relevantes para la seguridad alimentaria, con el fin garantizar que no se pongan a disposici\u00f3n del consumidor alimentos que no son seguros.<\/p>\n<p>[\/vc_column_text][\/vc_column][vc_column width=\u00bb1\/2&#8243;][vc_single_image image=\u00bb3024&#8243; img_size=\u00bb546 \u00d7 435&#8243;][vc_empty_space][\/vc_column][\/vc_row][vc_row wrap_container=\u00bbyes\u00bb gap=\u00bb30&#8243;][vc_column width=\u00bb1\/2&#8243;][vc_single_image image=\u00bb4894&#8243; img_size=\u00bb546 \u00d7 435&#8243;][vc_empty_space][\/vc_column][vc_column width=\u00bb1\/2&#8243;][vc_column_text]<\/p>\n<h2 style=\"text-align: left; color: #993300;\"><em>Competencias T\u00e9cnicas<\/em><\/h2>\n<p>[\/vc_column_text][vc_empty_space height=\u00bb50px\u00bb][vc_column_text]<\/p>\n<p style=\"font-size: 15px;\">El Sistema de Garant\u00eda de Calidad de <strong>CAMPICARN<\/strong> tambi\u00e9n tiene por principio compartir el conocimiento entre todos los colaboradores.<\/p>\n<p>[\/vc_column_text][vc_empty_space][vc_column_text]<\/p>\n<p style=\"font-size: 15px;\">El desarrollo del equipo se basa en su constante valoraci\u00f3n, a trav\u00e9s de programas de formaci\u00f3n destinados al desarrollo de sus competencias t\u00e9cnicas e interpersonales y, consecuentemente, del trabajo en equipo.<\/p>\n<p>[\/vc_column_text][\/vc_column][\/vc_row][vc_row wrap_container=\u00bbyes\u00bb gap=\u00bb30&#8243;][vc_column][vc_column_text]<\/p>\n<h2 style=\"text-align: left; color: #993300;\"><em>\u00abCalidad representa los intereses de todos nuestros clientes y consumidores&#8230;\u00bb<\/em><\/h2>\n<p>[\/vc_column_text][vc_empty_space][vc_column_text]<\/p>\n<p style=\"font-size: 15px;\">En <strong>Campicarn<\/strong>, el equipo de calidad representa los intereses de todos nuestros clientes y consumidores, siendo la certificaci\u00f3n una opci\u00f3n estrat\u00e9gica que ha contribuido al desarrollo, mejora y evoluci\u00f3n de la empresa, as\u00ed como a la conquista de nuevos mercados.<\/p>\n<p>[\/vc_column_text][vc_empty_space height=\u00bb50px\u00bb][\/vc_column][\/vc_row]<\/p>\n","protected":false},"excerpt":{"rendered":"<p>[vc_row wrap_container=\u00bbyes\u00bb gap=\u00bb30&#8243;][vc_column width=\u00bb1\/2&#8243;][vc_column_text] Productos Alimentarios Sanos y Seguros [\/vc_column_text][vc_empty_space height=\u00bb50px\u00bb][vc_column_text] Campicarn pretende satisfacer las necesidades de los clientes y consumidores, por lo que su preocupaci\u00f3n es ofrecer productos alimentarios sanos y seguros. [\/vc_column_text][vc_empty_space][vc_column_text] Fomentamos una comunicaci\u00f3n constante entre clientes, proveedores y colaboradores para identificar y controlar los factores de [&hellip;]<\/p>\n","protected":false},"author":1,"featured_media":0,"parent":0,"menu_order":0,"comment_status":"closed","ping_status":"closed","template":"","meta":{"footnotes":""},"_links":{"self":[{"href":"http:\/\/campicarn.pt\/es\/wp-json\/wp\/v2\/pages\/4451"}],"collection":[{"href":"http:\/\/campicarn.pt\/es\/wp-json\/wp\/v2\/pages"}],"about":[{"href":"http:\/\/campicarn.pt\/es\/wp-json\/wp\/v2\/types\/page"}],"author":[{"embeddable":true,"href":"http:\/\/campicarn.pt\/es\/wp-json\/wp\/v2\/users\/1"}],"replies":[{"embeddable":true,"href":"http:\/\/campicarn.pt\/es\/wp-json\/wp\/v2\/comments?post=4451"}],"version-history":[{"count":4,"href":"http:\/\/campicarn.pt\/es\/wp-json\/wp\/v2\/pages\/4451\/revisions"}],"predecessor-version":[{"id":4897,"href":"http:\/\/campicarn.pt\/es\/wp-json\/wp\/v2\/pages\/4451\/revisions\/4897"}],"wp:attachment":[{"href":"http:\/\/campicarn.pt\/es\/wp-json\/wp\/v2\/media?parent=4451"}],"curies":[{"name":"wp","href":"https:\/\/api.w.org\/{rel}","templated":true}]}}