{"id":4238,"date":"2018-02-01T14:17:02","date_gmt":"2018-02-01T14:17:02","guid":{"rendered":"http:\/\/campicarn.pt\/?page_id=4238"},"modified":"2018-02-14T10:18:42","modified_gmt":"2018-02-14T10:18:42","slug":"cow","status":"publish","type":"page","link":"https:\/\/campicarn.pt\/en\/our-produts\/butchers-cuts\/cow\/","title":{"rendered":"Cow"},"content":{"rendered":"<p>[vc_row][vc_column]<div id=\"ultimate-heading-370369e5e5e9490d4\" class=\"uvc-heading ult-adjust-bottom-margin ultimate-heading-370369e5e5e9490d4 uvc-2121 \" data-hspacer=\"no_spacer\"  data-halign=\"center\" style=\"text-align:center\"><div class=\"uvc-heading-spacer no_spacer\" style=\"top\"><\/div><div class=\"uvc-main-heading ult-responsive\"  data-ultimate-target='.uvc-heading.ultimate-heading-370369e5e5e9490d4 h2'  data-responsive-json-new='{\"font-size\":\"\",\"line-height\":\"\"}' ><h2 style=\"font-weight:normal;margin-bottom:15px;\">Butcher\u2019s Cuts - Cow<\/h2><\/div><\/div>[vc_column_text]In the cutting plants, with capacity for deboning and cutting about 500 carcasses per day, the process is carried out following different cutting patterns, according to customer needs.<\/p>\n<p>The meat cuts are marketed fresh or vacuum-packed.<\/p>\n<p>Vacuum packing keeps meat fresh and even more tender for 30 days (kept at 0\u00baC to 4\u00baC).<\/p>\n<p>The normal color of the meat is regained about 30 minutes after it is removed from the vacuum pack and re-exposed to the air.[\/vc_column_text]<div class=\"product-filter-isotope \">    <div class=\"our-products \">\r\n            <div class=\"row\">\r\n                <div class=\"col-md-12 col-sm-12 col-xs-12\">\r\n                                                            <div class=\"our-products-content row\">\r\n                        <div class=\"product-grid product-entries-wrap isotope \">\r\n                                                            <div class=\"first item col-lg-3 col-md-4 col-sm-6 col-xs-12  butchers-cuts-en butchers-cuts-cow post-4284 product type-product status-publish has-post-thumbnail product_cat-butchers-cuts-en product_cat-butchers-cuts-cow yith_product_brand-campicarn-en  instock shipping-taxable product-type-simple\">\n\n    <div class=\"product-content\">\n        <div class=\"product-img\">\n                    <a href=\"https:\/\/campicarn.pt\/en\/product\/cow-tenderloin\/\">\n        <img loading=\"lazy\" decoding=\"async\" width=\"300\" height=\"300\" src=\"\/\/campicarn.pt\/wp-content\/uploads\/2017\/10\/0348_lombo_web-300x300.jpg\" class=\"attachment-shop_catalog size-shop_catalog wp-post-image\" alt=\"\" \/>    <\/a>\n                    <\/div>\n        <div class=\"product-desc\">  \n\t        <div class=\"product-action\">\n\t                <div class=\"add-to\">\n        <\/div>\n        \t        <\/div>  \n            <h3><a href=\"https:\/\/campicarn.pt\/en\/product\/cow-tenderloin\/\" class=\"product-name\">Tenderloin<\/a><\/h3>\n            <div class=\"star-rating\" title=\"Not yet rated\"><span style=\"width:0%\"><strong class=\"rating\">0<\/strong> out of 5<\/span><\/div>\n        <\/div>\n    <\/div>\t\n\n<\/div>\n                                                            <div class=\"item col-lg-3 col-md-4 col-sm-6 col-xs-12  butchers-cuts-en butchers-cuts-cow post-4283 product type-product status-publish has-post-thumbnail product_cat-butchers-cuts-en product_cat-butchers-cuts-cow yith_product_brand-campicarn-en last instock shipping-taxable product-type-simple\">\n\n    <div class=\"product-content\">\n        <div class=\"product-img\">\n                    <a href=\"https:\/\/campicarn.pt\/en\/product\/cow-striploin\/\">\n        <img loading=\"lazy\" decoding=\"async\" width=\"300\" height=\"300\" src=\"\/\/campicarn.pt\/wp-content\/uploads\/2017\/10\/0355_vazio_web-300x300.jpg\" class=\"attachment-shop_catalog size-shop_catalog wp-post-image\" alt=\"\" \/>    <\/a>\n                    <\/div>\n        <div class=\"product-desc\">  \n\t        <div class=\"product-action\">\n\t                <div class=\"add-to\">\n        <\/div>\n        \t        <\/div>  \n            <h3><a href=\"https:\/\/campicarn.pt\/en\/product\/cow-striploin\/\" class=\"product-name\">Striploin<\/a><\/h3>\n            <div class=\"star-rating\" title=\"Not yet rated\"><span style=\"width:0%\"><strong class=\"rating\">0<\/strong> out of 5<\/span><\/div>\n        <\/div>\n    <\/div>\t\n\n<\/div>\n                                                            <div class=\"first item col-lg-3 col-md-4 col-sm-6 col-xs-12  butchers-cuts-en butchers-cuts-cow post-4282 product type-product status-publish has-post-thumbnail product_cat-butchers-cuts-en product_cat-butchers-cuts-cow yith_product_brand-campicarn-en  instock shipping-taxable product-type-simple\">\n\n    <div class=\"product-content\">\n        <div class=\"product-img\">\n                    <a href=\"https:\/\/campicarn.pt\/en\/product\/cow-tomahawk\/\">\n        <img loading=\"lazy\" decoding=\"async\" width=\"300\" height=\"300\" src=\"\/\/campicarn.pt\/wp-content\/uploads\/2017\/10\/0430_tomahawk_web-300x300.jpg\" class=\"attachment-shop_catalog size-shop_catalog wp-post-image\" alt=\"\" \/>    <\/a>\n                    <\/div>\n        <div class=\"product-desc\">  \n\t        <div class=\"product-action\">\n\t                <div class=\"add-to\">\n        <\/div>\n        \t        <\/div>  \n            <h3><a href=\"https:\/\/campicarn.pt\/en\/product\/cow-tomahawk\/\" class=\"product-name\">Tomahawk<\/a><\/h3>\n            <div class=\"star-rating\" title=\"Not yet rated\"><span style=\"width:0%\"><strong class=\"rating\">0<\/strong> out of 5<\/span><\/div>\n        <\/div>\n    <\/div>\t\n\n<\/div>\n                                                            <div class=\"item col-lg-3 col-md-4 col-sm-6 col-xs-12  butchers-cuts-en butchers-cuts-cow post-4281 product type-product status-publish has-post-thumbnail product_cat-butchers-cuts-en product_cat-butchers-cuts-cow yith_product_brand-campicarn-en last instock shipping-taxable product-type-simple\">\n\n    <div class=\"product-content\">\n        <div class=\"product-img\">\n                    <a href=\"https:\/\/campicarn.pt\/en\/product\/cow-cube-roll-with-bone\/\">\n        <img loading=\"lazy\" decoding=\"async\" width=\"300\" height=\"300\" src=\"\/\/campicarn.pt\/wp-content\/uploads\/2017\/10\/0381_acem_redondo_c_osso_web-300x300.jpg\" class=\"attachment-shop_catalog size-shop_catalog wp-post-image\" alt=\"\" \/>    <\/a>\n                    <\/div>\n        <div class=\"product-desc\">  \n\t        <div class=\"product-action\">\n\t                <div class=\"add-to\">\n        <\/div>\n        \t        <\/div>  \n            <h3><a href=\"https:\/\/campicarn.pt\/en\/product\/cow-cube-roll-with-bone\/\" class=\"product-name\">Cube Roll With Bone<\/a><\/h3>\n            <div class=\"star-rating\" title=\"Not yet rated\"><span style=\"width:0%\"><strong class=\"rating\">0<\/strong> out of 5<\/span><\/div>\n        <\/div>\n    <\/div>\t\n\n<\/div>\n                                                            <div class=\"first item col-lg-3 col-md-4 col-sm-6 col-xs-12  butchers-cuts-en butchers-cuts-cow post-4280 product type-product status-publish has-post-thumbnail product_cat-butchers-cuts-en product_cat-butchers-cuts-cow yith_product_brand-campicarn-en  instock shipping-taxable product-type-simple\">\n\n    <div class=\"product-content\">\n        <div class=\"product-img\">\n                    <a href=\"https:\/\/campicarn.pt\/en\/product\/cow-cube-roll-wihtout-bone\/\">\n        <img loading=\"lazy\" decoding=\"async\" width=\"300\" height=\"300\" src=\"\/\/campicarn.pt\/wp-content\/uploads\/2017\/10\/0409_acem_redondo_s_osso_web-300x300.jpg\" class=\"attachment-shop_catalog size-shop_catalog wp-post-image\" alt=\"\" \/>    <\/a>\n                    <\/div>\n        <div class=\"product-desc\">  \n\t        <div class=\"product-action\">\n\t                <div class=\"add-to\">\n        <\/div>\n        \t        <\/div>  \n            <h3><a href=\"https:\/\/campicarn.pt\/en\/product\/cow-cube-roll-wihtout-bone\/\" class=\"product-name\">Cube Roll Without Bone<\/a><\/h3>\n            <div class=\"star-rating\" title=\"Not yet rated\"><span style=\"width:0%\"><strong class=\"rating\">0<\/strong> out of 5<\/span><\/div>\n        <\/div>\n    <\/div>\t\n\n<\/div>\n                                                            <div class=\"item col-lg-3 col-md-4 col-sm-6 col-xs-12  butchers-cuts-en butchers-cuts-cow post-4279 product type-product status-publish has-post-thumbnail product_cat-butchers-cuts-en product_cat-butchers-cuts-cow yith_product_brand-campicarn-en last instock shipping-taxable product-type-simple\">\n\n    <div class=\"product-content\">\n        <div class=\"product-img\">\n                    <a href=\"https:\/\/campicarn.pt\/en\/product\/cow-cap-of-rump\/\">\n        <img loading=\"lazy\" decoding=\"async\" width=\"300\" height=\"300\" src=\"\/\/campicarn.pt\/wp-content\/uploads\/2017\/10\/0420_picanha_web-300x300.jpg\" class=\"attachment-shop_catalog size-shop_catalog wp-post-image\" alt=\"\" \/>    <\/a>\n                    <\/div>\n        <div class=\"product-desc\">  \n\t        <div class=\"product-action\">\n\t                <div class=\"add-to\">\n        <\/div>\n        \t        <\/div>  \n            <h3><a href=\"https:\/\/campicarn.pt\/en\/product\/cow-cap-of-rump\/\" class=\"product-name\">Cap of Rump<\/a><\/h3>\n            <div class=\"star-rating\" title=\"Not yet rated\"><span style=\"width:0%\"><strong class=\"rating\">0<\/strong> out of 5<\/span><\/div>\n    <div class=\"desc\">\n        <p><span>A picanha \u00e9 uma carne de 1\u00aa categoria, conhecida pela sua maciez e sabor acentuado, devido \u00e0 camada de gordura que a envolve. Ela pode ser assada no forno, mas o churrasco \u00e9 o ponto forte de confe\u00e7\u00e3o desta pe\u00e7a de carne t\u00e3o suculenta.<\/span><\/p>\n    <\/div>\n            <\/div>\n    <\/div>\t\n\n<\/div>\n                                                            <div class=\"first item col-lg-3 col-md-4 col-sm-6 col-xs-12  butchers-cuts-en butchers-cuts-cow post-4278 product type-product status-publish has-post-thumbnail product_cat-butchers-cuts-en product_cat-butchers-cuts-cow yith_product_brand-campicarn-en  instock shipping-taxable product-type-simple\">\n\n    <div class=\"product-content\">\n        <div class=\"product-img\">\n                    <a href=\"https:\/\/campicarn.pt\/en\/product\/cow-heart-rump\/\">\n        <img loading=\"lazy\" decoding=\"async\" width=\"300\" height=\"300\" src=\"\/\/campicarn.pt\/wp-content\/uploads\/2017\/10\/0400_coracao_alcatra_web-300x300.jpg\" class=\"attachment-shop_catalog size-shop_catalog wp-post-image\" alt=\"\" \/>    <\/a>\n                    <\/div>\n        <div class=\"product-desc\">  \n\t        <div class=\"product-action\">\n\t                <div class=\"add-to\">\n        <\/div>\n        \t        <\/div>  \n            <h3><a href=\"https:\/\/campicarn.pt\/en\/product\/cow-heart-rump\/\" class=\"product-name\">Heart Rump<\/a><\/h3>\n            <div class=\"star-rating\" title=\"Not yet rated\"><span style=\"width:0%\"><strong class=\"rating\">0<\/strong> out of 5<\/span><\/div>\n        <\/div>\n    <\/div>\t\n\n<\/div>\n                                                            <div class=\"item col-lg-3 col-md-4 col-sm-6 col-xs-12  butchers-cuts-en butchers-cuts-cow post-4276 product type-product status-publish has-post-thumbnail product_cat-butchers-cuts-en product_cat-butchers-cuts-cow yith_product_brand-campicarn-en last instock shipping-taxable product-type-simple\">\n\n    <div class=\"product-content\">\n        <div class=\"product-img\">\n                    <a href=\"https:\/\/campicarn.pt\/en\/product\/cow-rump\/\">\n        <img loading=\"lazy\" decoding=\"async\" width=\"300\" height=\"300\" src=\"\/\/campicarn.pt\/wp-content\/uploads\/2017\/10\/0387_alcatra_web-300x300.jpg\" class=\"attachment-shop_catalog size-shop_catalog wp-post-image\" alt=\"\" \/>    <\/a>\n                    <\/div>\n        <div class=\"product-desc\">  \n\t        <div class=\"product-action\">\n\t                <div class=\"add-to\">\n        <\/div>\n        \t        <\/div>  \n            <h3><a href=\"https:\/\/campicarn.pt\/en\/product\/cow-rump\/\" class=\"product-name\">Rump<\/a><\/h3>\n            <div class=\"star-rating\" title=\"Not yet rated\"><span style=\"width:0%\"><strong class=\"rating\">0<\/strong> out of 5<\/span><\/div>\n        <\/div>\n    <\/div>\t\n\n<\/div>\n                                                            <div class=\"first item col-lg-3 col-md-4 col-sm-6 col-xs-12  butchers-cuts-en butchers-cuts-cow post-4275 product type-product status-publish has-post-thumbnail product_cat-butchers-cuts-en product_cat-butchers-cuts-cow yith_product_brand-campicarn-en  instock shipping-taxable product-type-simple\">\n\n    <div class=\"product-content\">\n        <div class=\"product-img\">\n                    <a href=\"https:\/\/campicarn.pt\/en\/product\/cow-rump-tail\/\">\n        <img loading=\"lazy\" decoding=\"async\" width=\"300\" height=\"300\" src=\"\/\/campicarn.pt\/wp-content\/uploads\/2017\/10\/0405_maminha_web-300x300.jpg\" class=\"attachment-shop_catalog size-shop_catalog wp-post-image\" alt=\"\" \/>    <\/a>\n                    <\/div>\n        <div class=\"product-desc\">  \n\t        <div class=\"product-action\">\n\t                <div class=\"add-to\">\n        <\/div>\n        \t        <\/div>  \n            <h3><a href=\"https:\/\/campicarn.pt\/en\/product\/cow-rump-tail\/\" class=\"product-name\">Rump Tail<\/a><\/h3>\n            <div class=\"star-rating\" title=\"Not yet rated\"><span style=\"width:0%\"><strong class=\"rating\">0<\/strong> out of 5<\/span><\/div>\n        <\/div>\n    <\/div>\t\n\n<\/div>\n                                                            <div class=\"item col-lg-3 col-md-4 col-sm-6 col-xs-12  butchers-cuts-en butchers-cuts-cow post-4274 product type-product status-publish has-post-thumbnail product_cat-butchers-cuts-en product_cat-butchers-cuts-cow yith_product_brand-campicarn-en last instock shipping-taxable product-type-simple\">\n\n    <div class=\"product-content\">\n        <div class=\"product-img\">\n                    <a href=\"https:\/\/campicarn.pt\/en\/product\/cow-eyeround\/\">\n        <img loading=\"lazy\" decoding=\"async\" width=\"300\" height=\"300\" src=\"\/\/campicarn.pt\/wp-content\/uploads\/2017\/10\/0451_ganso_redondo_web-300x300.jpg\" class=\"attachment-shop_catalog size-shop_catalog wp-post-image\" alt=\"\" \/>    <\/a>\n                    <\/div>\n        <div class=\"product-desc\">  \n\t        <div class=\"product-action\">\n\t                <div class=\"add-to\">\n        <\/div>\n        \t        <\/div>  \n            <h3><a href=\"https:\/\/campicarn.pt\/en\/product\/cow-eyeround\/\" class=\"product-name\">Eyeround<\/a><\/h3>\n            <div class=\"star-rating\" title=\"Not yet rated\"><span style=\"width:0%\"><strong class=\"rating\">0<\/strong> out of 5<\/span><\/div>\n        <\/div>\n    <\/div>\t\n\n<\/div>\n                                                            <div class=\"first item col-lg-3 col-md-4 col-sm-6 col-xs-12  butchers-cuts-en butchers-cuts-cow post-4273 product type-product status-publish has-post-thumbnail product_cat-butchers-cuts-en product_cat-butchers-cuts-cow yith_product_brand-campicarn-en  instock shipping-taxable product-type-simple\">\n\n    <div class=\"product-content\">\n        <div class=\"product-img\">\n                    <a href=\"https:\/\/campicarn.pt\/en\/product\/cow-topside\/\">\n        <img loading=\"lazy\" decoding=\"async\" width=\"300\" height=\"300\" src=\"\/\/campicarn.pt\/wp-content\/uploads\/2017\/10\/0468_pojadouro_web-300x300.jpg\" class=\"attachment-shop_catalog size-shop_catalog wp-post-image\" alt=\"\" \/>    <\/a>\n                    <\/div>\n        <div class=\"product-desc\">  \n\t        <div class=\"product-action\">\n\t                <div class=\"add-to\">\n        <\/div>\n        \t        <\/div>  \n            <h3><a href=\"https:\/\/campicarn.pt\/en\/product\/cow-topside\/\" class=\"product-name\">Topside<\/a><\/h3>\n            <div class=\"star-rating\" title=\"Not yet rated\"><span style=\"width:0%\"><strong class=\"rating\">0<\/strong> out of 5<\/span><\/div>\n        <\/div>\n    <\/div>\t\n\n<\/div>\n                                                            <div class=\"item col-lg-3 col-md-4 col-sm-6 col-xs-12  butchers-cuts-en butchers-cuts-cow post-4272 product type-product status-publish has-post-thumbnail product_cat-butchers-cuts-en product_cat-butchers-cuts-cow yith_product_brand-campicarn-en last instock shipping-taxable product-type-simple\">\n\n    <div class=\"product-content\">\n        <div class=\"product-img\">\n                    <a href=\"https:\/\/campicarn.pt\/en\/product\/cow-knuckle\/\">\n        <img loading=\"lazy\" decoding=\"async\" width=\"300\" height=\"300\" src=\"\/\/campicarn.pt\/wp-content\/uploads\/2017\/10\/0362_rabadilha_web-300x300.jpg\" class=\"attachment-shop_catalog size-shop_catalog wp-post-image\" alt=\"\" \/>    <\/a>\n                    <\/div>\n        <div class=\"product-desc\">  \n\t        <div class=\"product-action\">\n\t                <div class=\"add-to\">\n        <\/div>\n        \t        <\/div>  \n            <h3><a href=\"https:\/\/campicarn.pt\/en\/product\/cow-knuckle\/\" class=\"product-name\">Knuckle<\/a><\/h3>\n            <div class=\"star-rating\" title=\"Not yet rated\"><span style=\"width:0%\"><strong class=\"rating\">0<\/strong> out of 5<\/span><\/div>\n        <\/div>\n    <\/div>\t\n\n<\/div>\n                                                    <\/div>\r\n                    <\/div> \r\n                                            <div class=\"load-more product-loadmore text-center col-md-12\">\r\n                            <a class=\"btn btn-primary\" data-paged=\"1\" data-totalpage=\"3\" id=\"product-loadmore\"> \r\n                            More ...                            \r\n                            <\/a>\r\n                        <\/div>    \r\n                                                                  \r\n                <\/div>\r\n            <\/div>\r\n    <\/div>\r\n\r\n<\/div>\n[\/vc_column][\/vc_row]<\/p>\n","protected":false},"excerpt":{"rendered":"<p>[vc_row][vc_column][vc_column_text]In the cutting plants, with capacity for deboning and cutting about 500 carcasses per day, the process is carried out following different cutting patterns, according to customer needs. The meat cuts are marketed fresh or vacuum-packed. Vacuum packing keeps meat fresh and even more tender for 30 days (kept at [&hellip;]<\/p>\n","protected":false},"author":1,"featured_media":0,"parent":4135,"menu_order":1,"comment_status":"closed","ping_status":"closed","template":"","meta":{"footnotes":""},"_links":{"self":[{"href":"https:\/\/campicarn.pt\/en\/wp-json\/wp\/v2\/pages\/4238"}],"collection":[{"href":"https:\/\/campicarn.pt\/en\/wp-json\/wp\/v2\/pages"}],"about":[{"href":"https:\/\/campicarn.pt\/en\/wp-json\/wp\/v2\/types\/page"}],"author":[{"embeddable":true,"href":"https:\/\/campicarn.pt\/en\/wp-json\/wp\/v2\/users\/1"}],"replies":[{"embeddable":true,"href":"https:\/\/campicarn.pt\/en\/wp-json\/wp\/v2\/comments?post=4238"}],"version-history":[{"count":9,"href":"https:\/\/campicarn.pt\/en\/wp-json\/wp\/v2\/pages\/4238\/revisions"}],"predecessor-version":[{"id":4838,"href":"https:\/\/campicarn.pt\/en\/wp-json\/wp\/v2\/pages\/4238\/revisions\/4838"}],"up":[{"embeddable":true,"href":"https:\/\/campicarn.pt\/en\/wp-json\/wp\/v2\/pages\/4135"}],"wp:attachment":[{"href":"https:\/\/campicarn.pt\/en\/wp-json\/wp\/v2\/media?parent=4238"}],"curies":[{"name":"wp","href":"https:\/\/api.w.org\/{rel}","templated":true}]}}