{"id":4437,"date":"2018-02-02T02:54:56","date_gmt":"2018-02-02T02:54:56","guid":{"rendered":"http:\/\/campicarn.pt\/?page_id=4437"},"modified":"2018-02-02T02:54:56","modified_gmt":"2018-02-02T02:54:56","slug":"equilibrio-y-responsabilidad","status":"publish","type":"page","link":"https:\/\/campicarn.pt\/es\/la-campicarn\/equilibrio-y-responsabilidad\/","title":{"rendered":"Equilibrio y responsabilidad"},"content":{"rendered":"<p>[vc_row wrap_container=\u00bbyes\u00bb gap=\u00bb30&#8243;][vc_column width=\u00bb1\/2&#8243;][vc_column_text]<\/p>\n<h2 style=\"text-align: left; color: #993300;\"><em>Bienestar Animal<\/em><\/h2>\n<p>[\/vc_column_text][vc_empty_space height=\u00bb50px\u00bb][vc_column_text]<\/p>\n<p style=\"font-size: 15px;\"><strong>Campicarn<\/strong> se rige por el equilibrio y responsabilidad entre suministradores, clientes y consumidores, alcanzado a trav\u00e9s de relaciones s\u00f3lidas y duraderas, desarrollando productos y conceptos de mercado centrados en el consumidor.<\/p>\n<p>[\/vc_column_text][vc_empty_space][vc_column_text]<\/p>\n<p style=\"font-size: 15px;\">La producci\u00f3n animal, propia o recurriendo a proveedores de referencia, respeta la creciente exigencia de los consumidores con respecto al bienestar animal y a la sostenibilidad de los sistemas de producci\u00f3n animal.<\/p>\n<p>[\/vc_column_text][\/vc_column][vc_column width=\u00bb1\/2&#8243;][vc_single_image image=\u00bb3108&#8243; img_size=\u00bb546 \u00d7 435&#8243;][vc_empty_space][\/vc_column][\/vc_row][vc_row wrap_container=\u00bbyes\u00bb gap=\u00bb30&#8243;][vc_column width=\u00bb1\/2&#8243;][vc_single_image image=\u00bb3110&#8243; img_size=\u00bb546 \u00d7 435&#8243;][vc_empty_space][\/vc_column][vc_column width=\u00bb1\/2&#8243;][vc_column_text]<\/p>\n<h2 style=\"text-align: left; color: #993300;\"><em>Confianza en los Negocios <\/em><\/h2>\n<p>[\/vc_column_text][vc_empty_space height=\u00bb50px\u00bb][vc_column_text]<\/p>\n<p style=\"font-size: 15px;\"><strong>Campicarn<\/strong> trabaja con procesos industriales optimizados por el uso de la m\u00e1s moderna tecnolog\u00eda, minuciosos controles operacionales y elevados est\u00e1ndares de higiene. La atenci\u00f3n al detalle es la garant\u00eda de la seguridad de nuestros productos y de la confianza de nuestros clientes.<\/p>\n<p>[\/vc_column_text][vc_empty_space][vc_column_text]<\/p>\n<p style=\"font-size: 15px;\">Hoy, m\u00e1s que nunca, es importante establecer una relaci\u00f3n de confianza en los negocios y disponer de soluciones integradas para los clientes.<\/p>\n<p>[\/vc_column_text][\/vc_column][\/vc_row][vc_row wrap_container=\u00bbyes\u00bb gap=\u00bb30&#8243;][vc_column width=\u00bb1\/2&#8243;][vc_column_text]<\/p>\n<h2 style=\"text-align: left; color: #993300;\"><em>Personas, el Ambiente y la Sostenibilidad<\/em><\/h2>\n<p>[\/vc_column_text][vc_empty_space height=\u00bb50px\u00bb][vc_column_text]<\/p>\n<p style=\"font-size: 15px;\">\u00a0La inversi\u00f3n en el conocimiento de las tendencias de mercado responde a las necesidades de los clientes, creando as\u00ed oportunidades de \u00e9xito.<\/p>\n<p>[\/vc_column_text][vc_empty_space][vc_column_text]<\/p>\n<p style=\"font-size: 15px;\">Nuestro Negocio se basa en el equilibrio de muchos factores y \u00e9ste es el mayor reto: proporcionar productos alimentarios sanos y seguros, manteniendo el equilibrio entre las personas, el ambiente y la sostenibilidad.<\/p>\n<p>[\/vc_column_text][vc_empty_space][vc_wp_text]<\/p>\n<div class=\"text-quote\">\n<h3 style=\"text-align: center; line-height: 50px;\">En definitiva, somos muchas personas unidas<br \/>\npo una ideia: <span style=\"color: #993300;\">\u201cEl Valor de la Carne\u201d<\/span>.<\/h3>\n<\/div>\n<p>[\/vc_wp_text][\/vc_column][vc_column width=\u00bb1\/2&#8243;][vc_single_image image=\u00bb3109&#8243; img_size=\u00bb546 \u00d7 435&#8243;][vc_empty_space][\/vc_column][\/vc_row][vc_row][vc_column width=\u00bb1\/4&#8243;][\/vc_column][vc_column width=\u00bb1\/2&#8243;][vc_empty_space height=\u00bb60px\u00bb][\/vc_column][vc_column width=\u00bb1\/4&#8243;][\/vc_column][\/vc_row]<\/p>\n","protected":false},"excerpt":{"rendered":"<p>[vc_row wrap_container=\u00bbyes\u00bb gap=\u00bb30&#8243;][vc_column width=\u00bb1\/2&#8243;][vc_column_text] Bienestar Animal [\/vc_column_text][vc_empty_space height=\u00bb50px\u00bb][vc_column_text] Campicarn se rige por el equilibrio y responsabilidad entre suministradores, clientes y consumidores, alcanzado a trav\u00e9s de relaciones s\u00f3lidas y duraderas, desarrollando productos y conceptos de mercado centrados en el consumidor. [\/vc_column_text][vc_empty_space][vc_column_text] La producci\u00f3n animal, propia o recurriendo a proveedores de referencia, [&hellip;]<\/p>\n","protected":false},"author":1,"featured_media":0,"parent":4430,"menu_order":0,"comment_status":"closed","ping_status":"closed","template":"","meta":{"footnotes":""},"_links":{"self":[{"href":"https:\/\/campicarn.pt\/es\/wp-json\/wp\/v2\/pages\/4437"}],"collection":[{"href":"https:\/\/campicarn.pt\/es\/wp-json\/wp\/v2\/pages"}],"about":[{"href":"https:\/\/campicarn.pt\/es\/wp-json\/wp\/v2\/types\/page"}],"author":[{"embeddable":true,"href":"https:\/\/campicarn.pt\/es\/wp-json\/wp\/v2\/users\/1"}],"replies":[{"embeddable":true,"href":"https:\/\/campicarn.pt\/es\/wp-json\/wp\/v2\/comments?post=4437"}],"version-history":[{"count":1,"href":"https:\/\/campicarn.pt\/es\/wp-json\/wp\/v2\/pages\/4437\/revisions"}],"predecessor-version":[{"id":4438,"href":"https:\/\/campicarn.pt\/es\/wp-json\/wp\/v2\/pages\/4437\/revisions\/4438"}],"up":[{"embeddable":true,"href":"https:\/\/campicarn.pt\/es\/wp-json\/wp\/v2\/pages\/4430"}],"wp:attachment":[{"href":"https:\/\/campicarn.pt\/es\/wp-json\/wp\/v2\/media?parent=4437"}],"curies":[{"name":"wp","href":"https:\/\/api.w.org\/{rel}","templated":true}]}}