{"id":4442,"date":"2018-02-02T02:59:21","date_gmt":"2018-02-02T02:59:21","guid":{"rendered":"http:\/\/campicarn.pt\/?page_id=4442"},"modified":"2018-02-11T23:57:46","modified_gmt":"2018-02-11T23:57:46","slug":"una-empresa-global","status":"publish","type":"page","link":"https:\/\/campicarn.pt\/es\/la-campicarn\/una-empresa-global\/","title":{"rendered":"Una Empresa Global"},"content":{"rendered":"<p>[vc_row full_width=\u00bbstretch_row_content_no_spaces\u00bb full_height=\u00bbyes\u00bb equal_height=\u00bbyes\u00bb content_placement=\u00bbmiddle\u00bb][vc_column][vc_column_text]<div class=\"arve-wrapper\" data-mode=\"normal\" data-provider=\"youtube\" id=\"arve-video-1\" itemscope itemtype=\"http:\/\/schema.org\/VideoObject\"><div class=\"arve-embed-container\" style=\"padding-bottom:56.250000%\"><iframe loading=\"lazy\" allowfullscreen class=\"arve-iframe fitvidsignore\" frameborder=\"0\" scrolling=\"no\" src=\"https:\/\/www.youtube.com\/embed\/9aZQ3Ra-wBo?iv_load_policy=3&#038;modestbranding=1&#038;rel=0&#038;autohide=1&#038;playsinline=1&#038;autoplay=0\" sandbox=\"allow-scripts allow-same-origin allow-presentation allow-popups\" width=\"480\" height=\"270\"><\/iframe><\/div><\/div>[\/vc_column_text][\/vc_column][\/vc_row][vc_row][vc_column][vc_empty_space][vc_wp_text]<\/p>\n<p style=\"font-size: 15px;\"><strong>CARNES CAMPICARN, S.A.,<\/strong>\u00a0con domicilio social en el municipio de Vila Nova de Famalic\u00e3o, inici\u00f3 su actividad en 1987, fruto de la iniciativa de Manuel Ferreira Martins, que siempre estuvo vinculado al comercio de carnes y ganado vivo.<\/p>\n<p style=\"font-size: 15px;\">A lo largo de estos a\u00f1os CAMPICARN ha crecido, consolidando sus negocios y, actualmente, ocupa una posici\u00f3n destacada en el sector de carne de vacuno:<\/p>\n<p>[\/vc_wp_text][vc_wp_text]<\/p>\n<div class=\"text-quote\">PRODUCCI\u00d3N ANIMAL<br \/>\nCOMERCIALIZACI\u00d3N DE GANADO VIVO<br \/>\nSACRIFICIO<br \/>\nCOMERCIALIZACI\u00d3N<br \/>\nTRANSFORMACI\u00d3N<br \/>\nDISTRIBUCI\u00d3N<\/div>\n<p>[\/vc_wp_text][vc_wp_text]<\/p>\n<p style=\"font-size: 15px;\">La actividad de la empresa se desarrolla esencialmente en el mercado nacional, mediante el comercio tradicional y la distribuci\u00f3n moderna, pero su objetivo prioritario es alcanzar el mercado internacional, por el que ha apostado, aspirando a superar la barrera del mercado europeo y africano, donde ya trabaja activamente.<br \/>\nCAMPICARN, con sus 30 a\u00f1os de <em>know-how<\/em> y tradici\u00f3n, aliados a la inversi\u00f3n continua en la promoci\u00f3n de la calidad y seguridad alimentaria, pretende crear una identidad propia, un\u00e1nimemente reconocida en el mercado nacional e internacional y que el reconocimiento de la calidad de sus productos por los clientes\/consumidores sean la prueba de su satisfacci\u00f3n.<\/p>\n<p>[\/vc_wp_text][\/vc_column][\/vc_row]<\/p>\n","protected":false},"excerpt":{"rendered":"<p>[vc_row full_width=\u00bbstretch_row_content_no_spaces\u00bb full_height=\u00bbyes\u00bb equal_height=\u00bbyes\u00bb content_placement=\u00bbmiddle\u00bb][vc_column][vc_column_text][\/vc_column_text][\/vc_column][\/vc_row][vc_row][vc_column][vc_empty_space][vc_wp_text] CARNES CAMPICARN, S.A.,\u00a0con domicilio social en el municipio de Vila Nova de Famalic\u00e3o, inici\u00f3 su actividad en 1987, fruto de la iniciativa de Manuel Ferreira Martins, que siempre estuvo vinculado al comercio de carnes y ganado vivo. A lo largo de estos a\u00f1os CAMPICARN ha [&hellip;]<\/p>\n","protected":false},"author":1,"featured_media":0,"parent":4430,"menu_order":0,"comment_status":"closed","ping_status":"closed","template":"","meta":{"footnotes":""},"_links":{"self":[{"href":"https:\/\/campicarn.pt\/es\/wp-json\/wp\/v2\/pages\/4442"}],"collection":[{"href":"https:\/\/campicarn.pt\/es\/wp-json\/wp\/v2\/pages"}],"about":[{"href":"https:\/\/campicarn.pt\/es\/wp-json\/wp\/v2\/types\/page"}],"author":[{"embeddable":true,"href":"https:\/\/campicarn.pt\/es\/wp-json\/wp\/v2\/users\/1"}],"replies":[{"embeddable":true,"href":"https:\/\/campicarn.pt\/es\/wp-json\/wp\/v2\/comments?post=4442"}],"version-history":[{"count":3,"href":"https:\/\/campicarn.pt\/es\/wp-json\/wp\/v2\/pages\/4442\/revisions"}],"predecessor-version":[{"id":4759,"href":"https:\/\/campicarn.pt\/es\/wp-json\/wp\/v2\/pages\/4442\/revisions\/4759"}],"up":[{"embeddable":true,"href":"https:\/\/campicarn.pt\/es\/wp-json\/wp\/v2\/pages\/4430"}],"wp:attachment":[{"href":"https:\/\/campicarn.pt\/es\/wp-json\/wp\/v2\/media?parent=4442"}],"curies":[{"name":"wp","href":"https:\/\/api.w.org\/{rel}","templated":true}]}}