{"id":4445,"date":"2018-02-02T03:02:28","date_gmt":"2018-02-02T03:02:28","guid":{"rendered":"http:\/\/campicarn.pt\/?page_id=4445"},"modified":"2018-02-27T14:47:24","modified_gmt":"2018-02-27T14:47:24","slug":"nutricion-y-salud","status":"publish","type":"page","link":"https:\/\/campicarn.pt\/es\/nutricion-y-salud\/","title":{"rendered":"Nutrici\u00f3n y Salud"},"content":{"rendered":"<p>[vc_row wrap_container=\u00bbyes\u00bb gap=\u00bb30&#8243;][vc_column width=\u00bb1\/2&#8243;][vc_column_text]<\/p>\n<h2 style=\"text-align: left; color: #993300;\"><em>Una Dieta Sana<\/em><\/h2>\n<p>[\/vc_column_text][vc_empty_space height=\u00bb50px\u00bb][vc_column_text]<\/p>\n<p style=\"font-size: 15px;\">Campicarn desarrolla, comercializa y distribuye una gama variada de productos que contribuyen a una dieta sana.<\/p>\n<p>[\/vc_column_text][vc_empty_space][vc_column_text]<\/p>\n<p style=\"font-size: 15px;\">Este proceso implica el conocimiento del comportamiento de los consumidores que, en su mayor\u00eda, consideran la carne como un alimento indispensable en una dieta equilibrada.<\/p>\n<p>[\/vc_column_text][\/vc_column][vc_column width=\u00bb1\/2&#8243;][vc_single_image image=\u00bb3117&#8243; img_size=\u00bb546 \u00d7 435&#8243;][vc_empty_space][\/vc_column][\/vc_row][vc_row wrap_container=\u00bbyes\u00bb gap=\u00bb30&#8243;][vc_column width=\u00bb1\/2&#8243;][vc_single_image image=\u00bb4908&#8243; img_size=\u00bb546 \u00d7 435&#8243;][vc_empty_space][\/vc_column][vc_column width=\u00bb1\/2&#8243;][vc_column_text]<\/p>\n<h2 style=\"text-align: left; color: #993300;\"><em>Una\u00a0importante Fuente de Prote\u00edna<\/em><\/h2>\n<p>[\/vc_column_text][vc_empty_space height=\u00bb50px\u00bb][vc_column_text]<\/p>\n<p style=\"font-size: 15px;\">La carne de vacuno es una importante fuente de prote\u00edna que contiene todos los amino\u00e1cidos necesarios para el crecimiento, reparaci\u00f3n, funcionamiento y estructura de todas las c\u00e9lulas de nuestro organismo.<\/p>\n<p>[\/vc_column_text][vc_empty_space][vc_column_text]<\/p>\n<p style=\"font-size: 15px;\">Adem\u00e1s de este nutriente indispensable para el organismo, este alimento tambi\u00e9n suministra otros nutrientes como vitaminas del complejo B y sales minerales, concretamente hierro, zinc, f\u00f3sforo, potasio, magnesio y selenio.<\/p>\n<p>[\/vc_column_text][\/vc_column][\/vc_row][vc_row wrap_container=\u00bbyes\u00bb gap=\u00bb30&#8243;][vc_column width=\u00bb1\/2&#8243;][vc_column_text]<\/p>\n<h2 style=\"text-align: left; color: #993300;\"><em>Maior Valor Nutricional<\/em><\/h2>\n<p>[\/vc_column_text][vc_empty_space height=\u00bb50px\u00bb][vc_column_text]<\/p>\n<p style=\"font-size: 15px;\">Preocupados por estos detalles, nos anticipamos y damos una respuesta a las necesidades de nuestros clientes y consumidores, produciendo y seleccionando carnes e ingredientes de la m\u00e1s elevada calidad.<\/p>\n<p>[\/vc_column_text][vc_empty_space][vc_column_text]<\/p>\n<div class=\"text-quote\">\n<h3 style=\"text-align: center; line-height: 50px;\"><span style=\"color: #993300;\">Vamos ao encontro das necessidades dos nossos clientes e consumidores<\/span> produzindo e selecionando carnes e ingredientes da mais elevada qualidade.<\/h3>\n<\/div>\n<p>[\/vc_column_text][\/vc_column][vc_column width=\u00bb1\/2&#8243;][vc_single_image image=\u00bb4904&#8243; img_size=\u00bb546 \u00d7 435&#8243;][vc_empty_space][\/vc_column][\/vc_row]<\/p>\n","protected":false},"excerpt":{"rendered":"<p>[vc_row wrap_container=\u00bbyes\u00bb gap=\u00bb30&#8243;][vc_column width=\u00bb1\/2&#8243;][vc_column_text] Una Dieta Sana [\/vc_column_text][vc_empty_space height=\u00bb50px\u00bb][vc_column_text] Campicarn desarrolla, comercializa y distribuye una gama variada de productos que contribuyen a una dieta sana. [\/vc_column_text][vc_empty_space][vc_column_text] Este proceso implica el conocimiento del comportamiento de los consumidores que, en su mayor\u00eda, consideran la carne como un alimento indispensable en una dieta [&hellip;]<\/p>\n","protected":false},"author":1,"featured_media":0,"parent":0,"menu_order":0,"comment_status":"closed","ping_status":"closed","template":"","meta":{"footnotes":""},"_links":{"self":[{"href":"https:\/\/campicarn.pt\/es\/wp-json\/wp\/v2\/pages\/4445"}],"collection":[{"href":"https:\/\/campicarn.pt\/es\/wp-json\/wp\/v2\/pages"}],"about":[{"href":"https:\/\/campicarn.pt\/es\/wp-json\/wp\/v2\/types\/page"}],"author":[{"embeddable":true,"href":"https:\/\/campicarn.pt\/es\/wp-json\/wp\/v2\/users\/1"}],"replies":[{"embeddable":true,"href":"https:\/\/campicarn.pt\/es\/wp-json\/wp\/v2\/comments?post=4445"}],"version-history":[{"count":5,"href":"https:\/\/campicarn.pt\/es\/wp-json\/wp\/v2\/pages\/4445\/revisions"}],"predecessor-version":[{"id":4916,"href":"https:\/\/campicarn.pt\/es\/wp-json\/wp\/v2\/pages\/4445\/revisions\/4916"}],"wp:attachment":[{"href":"https:\/\/campicarn.pt\/es\/wp-json\/wp\/v2\/media?parent=4445"}],"curies":[{"name":"wp","href":"https:\/\/api.w.org\/{rel}","templated":true}]}}