{"id":4520,"date":"2018-02-06T10:39:55","date_gmt":"2018-02-06T10:39:55","guid":{"rendered":"http:\/\/campicarn.pt\/?page_id=4520"},"modified":"2018-02-08T15:24:07","modified_gmt":"2018-02-08T15:24:07","slug":"corte-fino","status":"publish","type":"page","link":"https:\/\/campicarn.pt\/es\/nuestros-productos\/corte-fino\/","title":{"rendered":"Corte Fino"},"content":{"rendered":"<p>[vc_row][vc_column]<div id=\"ultimate-heading-459069e1626c5d1b6\" class=\"uvc-heading ult-adjust-bottom-margin ultimate-heading-459069e1626c5d1b6 uvc-692 \" data-hspacer=\"no_spacer\"  data-halign=\"center\" style=\"text-align:center\"><div class=\"uvc-heading-spacer no_spacer\" style=\"top\"><\/div><div class=\"uvc-main-heading ult-responsive\"  data-ultimate-target='.uvc-heading.ultimate-heading-459069e1626c5d1b6 h2'  data-responsive-json-new='{\"font-size\":\"\",\"line-height\":\"\"}' ><h2 style=\"font-weight:normal;\">Corte Fino<\/h2><\/div><\/div>[vc_wp_text]En la unidad de procesado centralizado, corte fino, las piezas estandarizadas se cortan mec\u00e1nicamente, la carne se envasa en bandejas en atm\u00f3sfera protectora y se etiquetan con peso fijo o variable con un ritmo de producci\u00f3n de 80 bandejas por minuto.[\/vc_wp_text]<div class=\"product-filter-isotope \">    <div class=\"our-products \">\r\n            <div class=\"row\">\r\n                <div class=\"col-md-12 col-sm-12 col-xs-12\">\r\n                                                                                                        <div class=\"our-products-content row\">\r\n                        <div class=\"product-grid product-entries-wrap isotope \">\r\n                                                            <div class=\"first item col-lg-3 col-md-4 col-sm-6 col-xs-12  corte-fino-es post-4531 product type-product status-publish has-post-thumbnail product_cat-corte-fino-es yith_product_brand-campicarn-es  instock shipping-taxable product-type-simple\">\n\n    <div class=\"product-content\">\n        <div class=\"product-img\">\n                    <a href=\"https:\/\/campicarn.pt\/es\/producto\/corte-fino-lomo\/\">\n        <img loading=\"lazy\" decoding=\"async\" width=\"300\" height=\"300\" src=\"\/\/campicarn.pt\/wp-content\/uploads\/2017\/10\/A52A1788_web-300x300.jpg\" class=\"attachment-shop_catalog size-shop_catalog wp-post-image\" alt=\"\" \/>    <\/a>\n                    <\/div>\n        <div class=\"product-desc\">  \n\t        <div class=\"product-action\">\n\t                <div class=\"add-to\">\n        <\/div>\n        \t        <\/div>  \n            <h3><a href=\"https:\/\/campicarn.pt\/es\/producto\/corte-fino-lomo\/\" class=\"product-name\">Lomo<\/a><\/h3>\n            <div class=\"star-rating\" title=\"Not yet rated\"><span style=\"width:0%\"><strong class=\"rating\">0<\/strong> out of 5<\/span><\/div>\n        <\/div>\n    <\/div>\t\n\n<\/div>\n                                                            <div class=\"item col-lg-3 col-md-4 col-sm-6 col-xs-12  corte-fino-es post-4530 product type-product status-publish has-post-thumbnail product_cat-corte-fino-es yith_product_brand-campicarn-es last instock shipping-taxable product-type-simple\">\n\n    <div class=\"product-content\">\n        <div class=\"product-img\">\n                    <a href=\"https:\/\/campicarn.pt\/es\/producto\/corte-fino-solomillo\/\">\n        <img loading=\"lazy\" decoding=\"async\" width=\"300\" height=\"300\" src=\"\/\/campicarn.pt\/wp-content\/uploads\/2017\/10\/A52A1828_web-300x300.jpg\" class=\"attachment-shop_catalog size-shop_catalog wp-post-image\" alt=\"\" \/>    <\/a>\n                    <\/div>\n        <div class=\"product-desc\">  \n\t        <div class=\"product-action\">\n\t                <div class=\"add-to\">\n        <\/div>\n        \t        <\/div>  \n            <h3><a href=\"https:\/\/campicarn.pt\/es\/producto\/corte-fino-solomillo\/\" class=\"product-name\">Solomillo<\/a><\/h3>\n            <div class=\"star-rating\" title=\"Not yet rated\"><span style=\"width:0%\"><strong class=\"rating\">0<\/strong> out of 5<\/span><\/div>\n        <\/div>\n    <\/div>\t\n\n<\/div>\n                                                            <div class=\"first item col-lg-3 col-md-4 col-sm-6 col-xs-12  corte-fino-es post-4529 product type-product status-publish has-post-thumbnail product_cat-corte-fino-es yith_product_brand-campicarn-es  instock shipping-taxable product-type-simple\">\n\n    <div class=\"product-content\">\n        <div class=\"product-img\">\n                    <a href=\"https:\/\/campicarn.pt\/es\/producto\/corte-fino-tapilla-de-cadera\/\">\n        <img loading=\"lazy\" decoding=\"async\" width=\"300\" height=\"300\" src=\"\/\/campicarn.pt\/wp-content\/uploads\/2017\/10\/A52A1802_web-300x300.jpg\" class=\"attachment-shop_catalog size-shop_catalog wp-post-image\" alt=\"\" \/>    <\/a>\n                    <\/div>\n        <div class=\"product-desc\">  \n\t        <div class=\"product-action\">\n\t                <div class=\"add-to\">\n        <\/div>\n        \t        <\/div>  \n            <h3><a href=\"https:\/\/campicarn.pt\/es\/producto\/corte-fino-tapilla-de-cadera\/\" class=\"product-name\">Tapilla de Cadera<\/a><\/h3>\n            <div class=\"star-rating\" title=\"Not yet rated\"><span style=\"width:0%\"><strong class=\"rating\">0<\/strong> out of 5<\/span><\/div>\n        <\/div>\n    <\/div>\t\n\n<\/div>\n                                                            <div class=\"item col-lg-3 col-md-4 col-sm-6 col-xs-12  corte-fino-es post-4528 product type-product status-publish has-post-thumbnail product_cat-corte-fino-es yith_product_brand-campicarn-es last instock shipping-taxable product-type-simple\">\n\n    <div class=\"product-content\">\n        <div class=\"product-img\">\n                    <a href=\"https:\/\/campicarn.pt\/es\/producto\/corte-fino-chuletero\/\">\n        <img loading=\"lazy\" decoding=\"async\" width=\"300\" height=\"300\" src=\"\/\/campicarn.pt\/wp-content\/uploads\/2017\/10\/A52A1750_web-300x300.jpg\" class=\"attachment-shop_catalog size-shop_catalog wp-post-image\" alt=\"\" \/>    <\/a>\n                    <\/div>\n        <div class=\"product-desc\">  \n\t        <div class=\"product-action\">\n\t                <div class=\"add-to\">\n        <\/div>\n        \t        <\/div>  \n            <h3><a href=\"https:\/\/campicarn.pt\/es\/producto\/corte-fino-chuletero\/\" class=\"product-name\">Chuletero<\/a><\/h3>\n            <div class=\"star-rating\" title=\"Not yet rated\"><span style=\"width:0%\"><strong class=\"rating\">0<\/strong> out of 5<\/span><\/div>\n        <\/div>\n    <\/div>\t\n\n<\/div>\n                                                            <div class=\"first item col-lg-3 col-md-4 col-sm-6 col-xs-12  corte-fino-es post-4527 product type-product status-publish has-post-thumbnail product_cat-corte-fino-es yith_product_brand-campicarn-es  instock shipping-taxable product-type-simple\">\n\n    <div class=\"product-content\">\n        <div class=\"product-img\">\n                    <a href=\"https:\/\/campicarn.pt\/es\/producto\/corte-fino-cadera\/\">\n        <img loading=\"lazy\" decoding=\"async\" width=\"300\" height=\"300\" src=\"\/\/campicarn.pt\/wp-content\/uploads\/2017\/10\/A52A1767_web-300x300.jpg\" class=\"attachment-shop_catalog size-shop_catalog wp-post-image\" alt=\"\" \/>    <\/a>\n                    <\/div>\n        <div class=\"product-desc\">  \n\t        <div class=\"product-action\">\n\t                <div class=\"add-to\">\n        <\/div>\n        \t        <\/div>  \n            <h3><a href=\"https:\/\/campicarn.pt\/es\/producto\/corte-fino-cadera\/\" class=\"product-name\">Cadera<\/a><\/h3>\n            <div class=\"star-rating\" title=\"Not yet rated\"><span style=\"width:0%\"><strong class=\"rating\">0<\/strong> out of 5<\/span><\/div>\n        <\/div>\n    <\/div>\t\n\n<\/div>\n                                                            <div class=\"item col-lg-3 col-md-4 col-sm-6 col-xs-12  corte-fino-es post-4526 product type-product status-publish has-post-thumbnail product_cat-corte-fino-es yith_product_brand-campicarn-es last instock shipping-taxable product-type-simple\">\n\n    <div class=\"product-content\">\n        <div class=\"product-img\">\n                    <a href=\"https:\/\/campicarn.pt\/es\/producto\/corte-fino-tornedo\/\">\n        <img loading=\"lazy\" decoding=\"async\" width=\"300\" height=\"300\" src=\"\/\/campicarn.pt\/wp-content\/uploads\/2017\/10\/A52A1744_web-300x300.jpg\" class=\"attachment-shop_catalog size-shop_catalog wp-post-image\" alt=\"\" \/>    <\/a>\n                    <\/div>\n        <div class=\"product-desc\">  \n\t        <div class=\"product-action\">\n\t                <div class=\"add-to\">\n        <\/div>\n        \t        <\/div>  \n            <h3><a href=\"https:\/\/campicarn.pt\/es\/producto\/corte-fino-tornedo\/\" class=\"product-name\">Torned\u00f3<\/a><\/h3>\n            <div class=\"star-rating\" title=\"Not yet rated\"><span style=\"width:0%\"><strong class=\"rating\">0<\/strong> out of 5<\/span><\/div>\n        <\/div>\n    <\/div>\t\n\n<\/div>\n                                                            <div class=\"first item col-lg-3 col-md-4 col-sm-6 col-xs-12  corte-fino-es post-4525 product type-product status-publish has-post-thumbnail product_cat-corte-fino-es yith_product_brand-campicarn-es  instock shipping-taxable product-type-simple\">\n\n    <div class=\"product-content\">\n        <div class=\"product-img\">\n                    <a href=\"https:\/\/campicarn.pt\/es\/producto\/corte-fino-tapa\/\">\n        <img loading=\"lazy\" decoding=\"async\" width=\"300\" height=\"300\" src=\"\/\/campicarn.pt\/wp-content\/uploads\/2017\/10\/A52A1806_web-300x300.jpg\" class=\"attachment-shop_catalog size-shop_catalog wp-post-image\" alt=\"\" \/>    <\/a>\n                    <\/div>\n        <div class=\"product-desc\">  \n\t        <div class=\"product-action\">\n\t                <div class=\"add-to\">\n        <\/div>\n        \t        <\/div>  \n            <h3><a href=\"https:\/\/campicarn.pt\/es\/producto\/corte-fino-tapa\/\" class=\"product-name\">Tapa<\/a><\/h3>\n            <div class=\"star-rating\" title=\"Not yet rated\"><span style=\"width:0%\"><strong class=\"rating\">0<\/strong> out of 5<\/span><\/div>\n        <\/div>\n    <\/div>\t\n\n<\/div>\n                                                            <div class=\"item col-lg-3 col-md-4 col-sm-6 col-xs-12  corte-fino-es post-4524 product type-product status-publish has-post-thumbnail product_cat-corte-fino-es yith_product_brand-campicarn-es last instock shipping-taxable product-type-simple\">\n\n    <div class=\"product-content\">\n        <div class=\"product-img\">\n                    <a href=\"https:\/\/campicarn.pt\/es\/producto\/corte-fino-francesinha-bistec\/\">\n        <img loading=\"lazy\" decoding=\"async\" width=\"300\" height=\"300\" src=\"\/\/campicarn.pt\/wp-content\/uploads\/2017\/10\/A52A1794_web-300x300.jpg\" class=\"attachment-shop_catalog size-shop_catalog wp-post-image\" alt=\"\" \/>    <\/a>\n                    <\/div>\n        <div class=\"product-desc\">  \n\t        <div class=\"product-action\">\n\t                <div class=\"add-to\">\n        <\/div>\n        \t        <\/div>  \n            <h3><a href=\"https:\/\/campicarn.pt\/es\/producto\/corte-fino-francesinha-bistec\/\" class=\"product-name\">\u00abFrancesinha\u00bb Bistec<\/a><\/h3>\n            <div class=\"star-rating\" title=\"Not yet rated\"><span style=\"width:0%\"><strong class=\"rating\">0<\/strong> out of 5<\/span><\/div>\n        <\/div>\n    <\/div>\t\n\n<\/div>\n                                                            <div class=\"first item col-lg-3 col-md-4 col-sm-6 col-xs-12  corte-fino-es post-4519 product type-product status-publish has-post-thumbnail product_cat-corte-fino-es yith_product_brand-campicarn-es  instock shipping-taxable product-type-simple\">\n\n    <div class=\"product-content\">\n        <div class=\"product-img\">\n                    <a href=\"https:\/\/campicarn.pt\/es\/producto\/corte-fino-babilla\/\">\n        <img loading=\"lazy\" decoding=\"async\" width=\"300\" height=\"300\" src=\"\/\/campicarn.pt\/wp-content\/uploads\/2017\/10\/A52A1781_web-300x300.jpg\" class=\"attachment-shop_catalog size-shop_catalog wp-post-image\" alt=\"\" \/>    <\/a>\n                    <\/div>\n        <div class=\"product-desc\">  \n\t        <div class=\"product-action\">\n\t                <div class=\"add-to\">\n        <\/div>\n        \t        <\/div>  \n            <h3><a href=\"https:\/\/campicarn.pt\/es\/producto\/corte-fino-babilla\/\" class=\"product-name\">Babilla<\/a><\/h3>\n            <div class=\"star-rating\" title=\"Not yet rated\"><span style=\"width:0%\"><strong class=\"rating\">0<\/strong> out of 5<\/span><\/div>\n        <\/div>\n    <\/div>\t\n\n<\/div>\n                                                            <div class=\"item col-lg-3 col-md-4 col-sm-6 col-xs-12  corte-fino-es post-4540 product type-product status-publish has-post-thumbnail product_cat-corte-fino-es yith_product_brand-campicarn-es last instock shipping-taxable product-type-simple\">\n\n    <div class=\"product-content\">\n        <div class=\"product-img\">\n                    <a href=\"https:\/\/campicarn.pt\/es\/producto\/corte-fino-aguja-bistec\/\">\n        <img loading=\"lazy\" decoding=\"async\" width=\"300\" height=\"300\" src=\"\/\/campicarn.pt\/wp-content\/uploads\/2017\/10\/A52A1754_web-300x300.jpg\" class=\"attachment-shop_catalog size-shop_catalog wp-post-image\" alt=\"\" \/>    <\/a>\n                    <\/div>\n        <div class=\"product-desc\">  \n\t        <div class=\"product-action\">\n\t                <div class=\"add-to\">\n        <\/div>\n        \t        <\/div>  \n            <h3><a href=\"https:\/\/campicarn.pt\/es\/producto\/corte-fino-aguja-bistec\/\" class=\"product-name\">Aguja Bistec<\/a><\/h3>\n            <div class=\"star-rating\" title=\"Not yet rated\"><span style=\"width:0%\"><strong class=\"rating\">0<\/strong> out of 5<\/span><\/div>\n        <\/div>\n    <\/div>\t\n\n<\/div>\n                                                            <div class=\"first item col-lg-3 col-md-4 col-sm-6 col-xs-12  corte-fino-es post-4539 product type-product status-publish has-post-thumbnail product_cat-corte-fino-es yith_product_brand-campicarn-es  instock shipping-taxable product-type-simple\">\n\n    <div class=\"product-content\">\n        <div class=\"product-img\">\n                    <a href=\"https:\/\/campicarn.pt\/es\/producto\/corte-fino-entrecot-bistec\/\">\n        <img loading=\"lazy\" decoding=\"async\" width=\"300\" height=\"300\" src=\"\/\/campicarn.pt\/wp-content\/uploads\/2017\/10\/A52A1751_web-300x300.jpg\" class=\"attachment-shop_catalog size-shop_catalog wp-post-image\" alt=\"\" \/>    <\/a>\n                    <\/div>\n        <div class=\"product-desc\">  \n\t        <div class=\"product-action\">\n\t                <div class=\"add-to\">\n        <\/div>\n        \t        <\/div>  \n            <h3><a href=\"https:\/\/campicarn.pt\/es\/producto\/corte-fino-entrecot-bistec\/\" class=\"product-name\">Entrecot Bistec<\/a><\/h3>\n            <div class=\"star-rating\" title=\"Not yet rated\"><span style=\"width:0%\"><strong class=\"rating\">0<\/strong> out of 5<\/span><\/div>\n        <\/div>\n    <\/div>\t\n\n<\/div>\n                                                            <div class=\"item col-lg-3 col-md-4 col-sm-6 col-xs-12  corte-fino-es post-4538 product type-product status-publish has-post-thumbnail product_cat-corte-fino-es yith_product_brand-campicarn-es last instock shipping-taxable product-type-simple\">\n\n    <div class=\"product-content\">\n        <div class=\"product-img\">\n                    <a href=\"https:\/\/campicarn.pt\/es\/producto\/corte-fino-llata-bistec\/\">\n        <img loading=\"lazy\" decoding=\"async\" width=\"300\" height=\"300\" src=\"\/\/campicarn.pt\/wp-content\/uploads\/2017\/10\/A52A1786_web-300x300.jpg\" class=\"attachment-shop_catalog size-shop_catalog wp-post-image\" alt=\"\" \/>    <\/a>\n                    <\/div>\n        <div class=\"product-desc\">  \n\t        <div class=\"product-action\">\n\t                <div class=\"add-to\">\n        <\/div>\n        \t        <\/div>  \n            <h3><a href=\"https:\/\/campicarn.pt\/es\/producto\/corte-fino-llata-bistec\/\" class=\"product-name\">Llata Bistec<\/a><\/h3>\n            <div class=\"star-rating\" title=\"Not yet rated\"><span style=\"width:0%\"><strong class=\"rating\">0<\/strong> out of 5<\/span><\/div>\n        <\/div>\n    <\/div>\t\n\n<\/div>\n                                                    <\/div>\r\n                    <\/div> \r\n                                            <div class=\"load-more product-loadmore text-center col-md-12\">\r\n                            <a class=\"btn btn-primary\" data-paged=\"1\" data-totalpage=\"3\" id=\"product-loadmore\"> \r\n                            M\u00e1s ...                            \r\n                            <\/a>\r\n                        <\/div>    \r\n                                                                  \r\n                <\/div>\r\n            <\/div>\r\n    <\/div>\r\n\r\n<\/div>\n[\/vc_column][vc_column][\/vc_column][\/vc_row]<\/p>\n","protected":false},"excerpt":{"rendered":"<p>[vc_row][vc_column][vc_wp_text]En la unidad de procesado centralizado, corte fino, las piezas estandarizadas se cortan mec\u00e1nicamente, la carne se envasa en bandejas en atm\u00f3sfera protectora y se etiquetan con peso fijo o variable con un ritmo de producci\u00f3n de 80 bandejas por minuto.[\/vc_wp_text][\/vc_column][vc_column][\/vc_column][\/vc_row]<\/p>\n","protected":false},"author":1,"featured_media":0,"parent":4449,"menu_order":2,"comment_status":"closed","ping_status":"closed","template":"","meta":{"footnotes":""},"_links":{"self":[{"href":"https:\/\/campicarn.pt\/es\/wp-json\/wp\/v2\/pages\/4520"}],"collection":[{"href":"https:\/\/campicarn.pt\/es\/wp-json\/wp\/v2\/pages"}],"about":[{"href":"https:\/\/campicarn.pt\/es\/wp-json\/wp\/v2\/types\/page"}],"author":[{"embeddable":true,"href":"https:\/\/campicarn.pt\/es\/wp-json\/wp\/v2\/users\/1"}],"replies":[{"embeddable":true,"href":"https:\/\/campicarn.pt\/es\/wp-json\/wp\/v2\/comments?post=4520"}],"version-history":[{"count":3,"href":"https:\/\/campicarn.pt\/es\/wp-json\/wp\/v2\/pages\/4520\/revisions"}],"predecessor-version":[{"id":4677,"href":"https:\/\/campicarn.pt\/es\/wp-json\/wp\/v2\/pages\/4520\/revisions\/4677"}],"up":[{"embeddable":true,"href":"https:\/\/campicarn.pt\/es\/wp-json\/wp\/v2\/pages\/4449"}],"wp:attachment":[{"href":"https:\/\/campicarn.pt\/es\/wp-json\/wp\/v2\/media?parent=4520"}],"curies":[{"name":"wp","href":"https:\/\/api.w.org\/{rel}","templated":true}]}}