{"id":4631,"date":"2018-02-08T14:03:52","date_gmt":"2018-02-08T14:03:52","guid":{"rendered":"http:\/\/campicarn.pt\/?page_id=4631"},"modified":"2018-02-14T10:24:39","modified_gmt":"2018-02-14T10:24:39","slug":"anojo","status":"publish","type":"page","link":"https:\/\/campicarn.pt\/es\/nuestros-productos\/piezas-de-carniceria\/anojo\/","title":{"rendered":"Anojo"},"content":{"rendered":"<p>[vc_row][vc_column]<div id=\"ultimate-heading-495469e5e5b9a3159\" class=\"uvc-heading ult-adjust-bottom-margin ultimate-heading-495469e5e5b9a3159 uvc-5945 \" data-hspacer=\"no_spacer\"  data-halign=\"center\" style=\"text-align:center\"><div class=\"uvc-heading-spacer no_spacer\" style=\"top\"><\/div><div class=\"uvc-main-heading ult-responsive\"  data-ultimate-target='.uvc-heading.ultimate-heading-495469e5e5b9a3159 h2'  data-responsive-json-new='{\"font-size\":\"\",\"line-height\":\"\"}' ><h2 style=\"font-weight:normal;margin-bottom:15px;\">Piezas De Carniceria - Anojo<\/h2><\/div><\/div>[vc_column_text]En las salas de despiece, con capacidad para deshuesar y despiezar aproximadamente 500 carcasas al d\u00eda, el proceso se desarrolla de acuerdo con diferentes est\u00e1ndares de corte en funci\u00f3n de las necesidades de los clientes.<\/p>\n<p>Los cortes se comercializan frescos o envasados al vac\u00edo.<\/p>\n<p>La carne envasada al vac\u00edo tiene un plazo de consumo de 30 d\u00edas aproximadamente (mantenida a una temperatura entre 0\u00baC y 4\u00baC).<\/p>\n<p>El envasado al vac\u00edo hace que la carne sea m\u00e1s tierna y que recupere su coloraci\u00f3n natural unos 30 minutos despu\u00e9s de retirarla del envase, expuesta al aire.[\/vc_column_text]<div class=\"product-filter-isotope \">    <div class=\"our-products \">\r\n            <div class=\"row\">\r\n                <div class=\"col-md-12 col-sm-12 col-xs-12\">\r\n                                                            <div class=\"our-products-content row\">\r\n                        <div class=\"product-grid product-entries-wrap isotope \">\r\n                                                            <div class=\"first item col-lg-3 col-md-4 col-sm-6 col-xs-12  piezas-anojo piezas-de-carniceria post-4678 product type-product status-publish has-post-thumbnail product_cat-piezas-anojo product_cat-piezas-de-carniceria yith_product_brand-campicarn-es  instock shipping-taxable product-type-simple\">\n\n    <div class=\"product-content\">\n        <div class=\"product-img\">\n                    <a href=\"https:\/\/campicarn.pt\/es\/producto\/anojo-solomillo\/\">\n        <img loading=\"lazy\" decoding=\"async\" width=\"300\" height=\"300\" src=\"\/\/campicarn.pt\/wp-content\/uploads\/2017\/10\/0092_nlombo_web-300x300.jpg\" class=\"attachment-shop_catalog size-shop_catalog wp-post-image\" alt=\"\" \/>    <\/a>\n                    <\/div>\n        <div class=\"product-desc\">  \n\t        <div class=\"product-action\">\n\t                <div class=\"add-to\">\n        <\/div>\n        \t        <\/div>  \n            <h3><a href=\"https:\/\/campicarn.pt\/es\/producto\/anojo-solomillo\/\" class=\"product-name\">Solomillo<\/a><\/h3>\n            <div class=\"star-rating\" title=\"Not yet rated\"><span style=\"width:0%\"><strong class=\"rating\">0<\/strong> out of 5<\/span><\/div>\n        <\/div>\n    <\/div>\t\n\n<\/div>\n                                                            <div class=\"item col-lg-3 col-md-4 col-sm-6 col-xs-12  piezas-anojo piezas-de-carniceria post-4676 product type-product status-publish has-post-thumbnail product_cat-piezas-anojo product_cat-piezas-de-carniceria yith_product_brand-campicarn-es last instock shipping-taxable product-type-simple\">\n\n    <div class=\"product-content\">\n        <div class=\"product-img\">\n                    <a href=\"https:\/\/campicarn.pt\/es\/producto\/anojo-lomo-sin-hueso\/\">\n        <img loading=\"lazy\" decoding=\"async\" width=\"300\" height=\"300\" src=\"\/\/campicarn.pt\/wp-content\/uploads\/2017\/10\/0023_nvazia_web-300x300.jpg\" class=\"attachment-shop_catalog size-shop_catalog wp-post-image\" alt=\"\" \/>    <\/a>\n                    <\/div>\n        <div class=\"product-desc\">  \n\t        <div class=\"product-action\">\n\t                <div class=\"add-to\">\n        <\/div>\n        \t        <\/div>  \n            <h3><a href=\"https:\/\/campicarn.pt\/es\/producto\/anojo-lomo-sin-hueso\/\" class=\"product-name\">Lomo sin Hueso<\/a><\/h3>\n            <div class=\"star-rating\" title=\"Not yet rated\"><span style=\"width:0%\"><strong class=\"rating\">0<\/strong> out of 5<\/span><\/div>\n        <\/div>\n    <\/div>\t\n\n<\/div>\n                                                            <div class=\"first item col-lg-3 col-md-4 col-sm-6 col-xs-12  piezas-anojo piezas-de-carniceria post-4675 product type-product status-publish has-post-thumbnail product_cat-piezas-anojo product_cat-piezas-de-carniceria yith_product_brand-campicarn-es  instock shipping-taxable product-type-simple\">\n\n    <div class=\"product-content\">\n        <div class=\"product-img\">\n                    <a href=\"https:\/\/campicarn.pt\/es\/producto\/anojo-tomahawk\/\">\n        <img loading=\"lazy\" decoding=\"async\" width=\"300\" height=\"300\" src=\"\/\/campicarn.pt\/wp-content\/uploads\/2017\/10\/0210_tomahawk_web-300x300.jpg\" class=\"attachment-shop_catalog size-shop_catalog wp-post-image\" alt=\"\" \/>    <\/a>\n                    <\/div>\n        <div class=\"product-desc\">  \n\t        <div class=\"product-action\">\n\t                <div class=\"add-to\">\n        <\/div>\n        \t        <\/div>  \n            <h3><a href=\"https:\/\/campicarn.pt\/es\/producto\/anojo-tomahawk\/\" class=\"product-name\">Tomahawk<\/a><\/h3>\n            <div class=\"star-rating\" title=\"Not yet rated\"><span style=\"width:0%\"><strong class=\"rating\">0<\/strong> out of 5<\/span><\/div>\n        <\/div>\n    <\/div>\t\n\n<\/div>\n                                                            <div class=\"item col-lg-3 col-md-4 col-sm-6 col-xs-12  piezas-anojo piezas-de-carniceria post-4674 product type-product status-publish has-post-thumbnail product_cat-piezas-anojo product_cat-piezas-de-carniceria yith_product_brand-campicarn-es last instock shipping-taxable product-type-simple\">\n\n    <div class=\"product-content\">\n        <div class=\"product-img\">\n                    <a href=\"https:\/\/campicarn.pt\/es\/producto\/anojo-lomo-alto-sin-hueso\/\">\n        <img loading=\"lazy\" decoding=\"async\" width=\"300\" height=\"300\" src=\"\/\/campicarn.pt\/wp-content\/uploads\/2017\/10\/0099_acem_redondo_web-300x300.jpg\" class=\"attachment-shop_catalog size-shop_catalog wp-post-image\" alt=\"\" \/>    <\/a>\n                    <\/div>\n        <div class=\"product-desc\">  \n\t        <div class=\"product-action\">\n\t                <div class=\"add-to\">\n        <\/div>\n        \t        <\/div>  \n            <h3><a href=\"https:\/\/campicarn.pt\/es\/producto\/anojo-lomo-alto-sin-hueso\/\" class=\"product-name\">Lomo Alto sin Hueso<\/a><\/h3>\n            <div class=\"star-rating\" title=\"Not yet rated\"><span style=\"width:0%\"><strong class=\"rating\">0<\/strong> out of 5<\/span><\/div>\n        <\/div>\n    <\/div>\t\n\n<\/div>\n                                                            <div class=\"first item col-lg-3 col-md-4 col-sm-6 col-xs-12  piezas-anojo piezas-de-carniceria post-4673 product type-product status-publish has-post-thumbnail product_cat-piezas-anojo product_cat-piezas-de-carniceria yith_product_brand-campicarn-es  instock shipping-taxable product-type-simple\">\n\n    <div class=\"product-content\">\n        <div class=\"product-img\">\n                    <a href=\"https:\/\/campicarn.pt\/es\/producto\/anojo-lomo-alto-con-hueso\/\">\n        <img loading=\"lazy\" decoding=\"async\" width=\"300\" height=\"300\" src=\"\/\/campicarn.pt\/wp-content\/uploads\/2017\/10\/0072_acem_redondo_c_osso_stabua_web-300x300.jpg\" class=\"attachment-shop_catalog size-shop_catalog wp-post-image\" alt=\"\" \/>    <\/a>\n                    <\/div>\n        <div class=\"product-desc\">  \n\t        <div class=\"product-action\">\n\t                <div class=\"add-to\">\n        <\/div>\n        \t        <\/div>  \n            <h3><a href=\"https:\/\/campicarn.pt\/es\/producto\/anojo-lomo-alto-con-hueso\/\" class=\"product-name\">Lomo Alto con Hueso<\/a><\/h3>\n            <div class=\"star-rating\" title=\"Not yet rated\"><span style=\"width:0%\"><strong class=\"rating\">0<\/strong> out of 5<\/span><\/div>\n        <\/div>\n    <\/div>\t\n\n<\/div>\n                                                            <div class=\"item col-lg-3 col-md-4 col-sm-6 col-xs-12  piezas-anojo piezas-de-carniceria post-4671 product type-product status-publish has-post-thumbnail product_cat-piezas-anojo product_cat-piezas-de-carniceria yith_product_brand-campicarn-es last instock shipping-taxable product-type-simple\">\n\n    <div class=\"product-content\">\n        <div class=\"product-img\">\n                    <a href=\"https:\/\/campicarn.pt\/es\/producto\/anojo-tapilla-de-cadera\/\">\n        <img loading=\"lazy\" decoding=\"async\" width=\"300\" height=\"300\" src=\"\/\/campicarn.pt\/wp-content\/uploads\/2017\/10\/0128_npicanha_web-300x300.jpg\" class=\"attachment-shop_catalog size-shop_catalog wp-post-image\" alt=\"\" \/>    <\/a>\n                    <\/div>\n        <div class=\"product-desc\">  \n\t        <div class=\"product-action\">\n\t                <div class=\"add-to\">\n        <\/div>\n        \t        <\/div>  \n            <h3><a href=\"https:\/\/campicarn.pt\/es\/producto\/anojo-tapilla-de-cadera\/\" class=\"product-name\">Tapilla de Cadera<\/a><\/h3>\n            <div class=\"star-rating\" title=\"Not yet rated\"><span style=\"width:0%\"><strong class=\"rating\">0<\/strong> out of 5<\/span><\/div>\n        <\/div>\n    <\/div>\t\n\n<\/div>\n                                                            <div class=\"first item col-lg-3 col-md-4 col-sm-6 col-xs-12  piezas-anojo piezas-de-carniceria post-4670 product type-product status-publish has-post-thumbnail product_cat-piezas-anojo product_cat-piezas-de-carniceria yith_product_brand-campicarn-es  instock shipping-taxable product-type-simple\">\n\n    <div class=\"product-content\">\n        <div class=\"product-img\">\n                    <a href=\"https:\/\/campicarn.pt\/es\/producto\/anojo-corazon-de-cadera\/\">\n        <img loading=\"lazy\" decoding=\"async\" width=\"300\" height=\"300\" src=\"\/\/campicarn.pt\/wp-content\/uploads\/2017\/10\/0109_coracao_alcatra_web-300x300.jpg\" class=\"attachment-shop_catalog size-shop_catalog wp-post-image\" alt=\"\" \/>    <\/a>\n                    <\/div>\n        <div class=\"product-desc\">  \n\t        <div class=\"product-action\">\n\t                <div class=\"add-to\">\n        <\/div>\n        \t        <\/div>  \n            <h3><a href=\"https:\/\/campicarn.pt\/es\/producto\/anojo-corazon-de-cadera\/\" class=\"product-name\">Coraz\u00f3n de Cadera<\/a><\/h3>\n            <div class=\"star-rating\" title=\"Not yet rated\"><span style=\"width:0%\"><strong class=\"rating\">0<\/strong> out of 5<\/span><\/div>\n        <\/div>\n    <\/div>\t\n\n<\/div>\n                                                            <div class=\"item col-lg-3 col-md-4 col-sm-6 col-xs-12  piezas-anojo piezas-de-carniceria post-4669 product type-product status-publish has-post-thumbnail product_cat-piezas-anojo product_cat-piezas-de-carniceria yith_product_brand-campicarn-es last instock shipping-taxable product-type-simple\">\n\n    <div class=\"product-content\">\n        <div class=\"product-img\">\n                    <a href=\"https:\/\/campicarn.pt\/es\/producto\/anojo-cadera\/\">\n        <img loading=\"lazy\" decoding=\"async\" width=\"300\" height=\"300\" src=\"\/\/campicarn.pt\/wp-content\/uploads\/2017\/10\/0085_nalcatra_web-300x300.jpg\" class=\"attachment-shop_catalog size-shop_catalog wp-post-image\" alt=\"\" \/>    <\/a>\n                    <\/div>\n        <div class=\"product-desc\">  \n\t        <div class=\"product-action\">\n\t                <div class=\"add-to\">\n        <\/div>\n        \t        <\/div>  \n            <h3><a href=\"https:\/\/campicarn.pt\/es\/producto\/anojo-cadera\/\" class=\"product-name\">Cadera<\/a><\/h3>\n            <div class=\"star-rating\" title=\"Not yet rated\"><span style=\"width:0%\"><strong class=\"rating\">0<\/strong> out of 5<\/span><\/div>\n        <\/div>\n    <\/div>\t\n\n<\/div>\n                                                            <div class=\"first item col-lg-3 col-md-4 col-sm-6 col-xs-12  piezas-anojo piezas-de-carniceria post-4668 product type-product status-publish has-post-thumbnail product_cat-piezas-anojo product_cat-piezas-de-carniceria yith_product_brand-campicarn-es  instock shipping-taxable product-type-simple\">\n\n    <div class=\"product-content\">\n        <div class=\"product-img\">\n                    <a href=\"https:\/\/campicarn.pt\/es\/producto\/anojo-punta-de-cadera\/\">\n        <img loading=\"lazy\" decoding=\"async\" width=\"300\" height=\"300\" src=\"\/\/campicarn.pt\/wp-content\/uploads\/2017\/10\/0090_nmaminha_web-300x300.jpg\" class=\"attachment-shop_catalog size-shop_catalog wp-post-image\" alt=\"\" \/>    <\/a>\n                    <\/div>\n        <div class=\"product-desc\">  \n\t        <div class=\"product-action\">\n\t                <div class=\"add-to\">\n        <\/div>\n        \t        <\/div>  \n            <h3><a href=\"https:\/\/campicarn.pt\/es\/producto\/anojo-punta-de-cadera\/\" class=\"product-name\">Punta de Cadera<\/a><\/h3>\n            <div class=\"star-rating\" title=\"Not yet rated\"><span style=\"width:0%\"><strong class=\"rating\">0<\/strong> out of 5<\/span><\/div>\n        <\/div>\n    <\/div>\t\n\n<\/div>\n                                                            <div class=\"item col-lg-3 col-md-4 col-sm-6 col-xs-12  piezas-anojo piezas-de-carniceria post-4667 product type-product status-publish has-post-thumbnail product_cat-piezas-anojo product_cat-piezas-de-carniceria yith_product_brand-campicarn-es last instock shipping-taxable product-type-simple\">\n\n    <div class=\"product-content\">\n        <div class=\"product-img\">\n                    <a href=\"https:\/\/campicarn.pt\/es\/producto\/anojo-redondo\/\">\n        <img loading=\"lazy\" decoding=\"async\" width=\"300\" height=\"300\" src=\"\/\/campicarn.pt\/wp-content\/uploads\/2017\/10\/0079_ganso_redondo_web-300x300.jpg\" class=\"attachment-shop_catalog size-shop_catalog wp-post-image\" alt=\"\" \/>    <\/a>\n                    <\/div>\n        <div class=\"product-desc\">  \n\t        <div class=\"product-action\">\n\t                <div class=\"add-to\">\n        <\/div>\n        \t        <\/div>  \n            <h3><a href=\"https:\/\/campicarn.pt\/es\/producto\/anojo-redondo\/\" class=\"product-name\">Redondo<\/a><\/h3>\n            <div class=\"star-rating\" title=\"Not yet rated\"><span style=\"width:0%\"><strong class=\"rating\">0<\/strong> out of 5<\/span><\/div>\n        <\/div>\n    <\/div>\t\n\n<\/div>\n                                                            <div class=\"first item col-lg-3 col-md-4 col-sm-6 col-xs-12  piezas-anojo piezas-de-carniceria post-4666 product type-product status-publish has-post-thumbnail product_cat-piezas-anojo product_cat-piezas-de-carniceria yith_product_brand-campicarn-es  instock shipping-taxable product-type-simple\">\n\n    <div class=\"product-content\">\n        <div class=\"product-img\">\n                    <a href=\"https:\/\/campicarn.pt\/es\/producto\/anojo-tapa\/\">\n        <img loading=\"lazy\" decoding=\"async\" width=\"300\" height=\"300\" src=\"\/\/campicarn.pt\/wp-content\/uploads\/2017\/10\/0043_pojadouro_web-300x300.jpg\" class=\"attachment-shop_catalog size-shop_catalog wp-post-image\" alt=\"\" \/>    <\/a>\n                    <\/div>\n        <div class=\"product-desc\">  \n\t        <div class=\"product-action\">\n\t                <div class=\"add-to\">\n        <\/div>\n        \t        <\/div>  \n            <h3><a href=\"https:\/\/campicarn.pt\/es\/producto\/anojo-tapa\/\" class=\"product-name\">Tapa<\/a><\/h3>\n            <div class=\"star-rating\" title=\"Not yet rated\"><span style=\"width:0%\"><strong class=\"rating\">0<\/strong> out of 5<\/span><\/div>\n        <\/div>\n    <\/div>\t\n\n<\/div>\n                                                            <div class=\"item col-lg-3 col-md-4 col-sm-6 col-xs-12  piezas-anojo piezas-de-carniceria post-4665 product type-product status-publish has-post-thumbnail product_cat-piezas-anojo product_cat-piezas-de-carniceria yith_product_brand-campicarn-es last instock shipping-taxable product-type-simple\">\n\n    <div class=\"product-content\">\n        <div class=\"product-img\">\n                    <a href=\"https:\/\/campicarn.pt\/es\/producto\/anojo-babilla\/\">\n        <img loading=\"lazy\" decoding=\"async\" width=\"300\" height=\"300\" src=\"\/\/campicarn.pt\/wp-content\/uploads\/2017\/10\/0046_rabadilha_web-300x300.jpg\" class=\"attachment-shop_catalog size-shop_catalog wp-post-image\" alt=\"\" \/>    <\/a>\n                    <\/div>\n        <div class=\"product-desc\">  \n\t        <div class=\"product-action\">\n\t                <div class=\"add-to\">\n        <\/div>\n        \t        <\/div>  \n            <h3><a href=\"https:\/\/campicarn.pt\/es\/producto\/anojo-babilla\/\" class=\"product-name\">Babilla<\/a><\/h3>\n            <div class=\"star-rating\" title=\"Not yet rated\"><span style=\"width:0%\"><strong class=\"rating\">0<\/strong> out of 5<\/span><\/div>\n        <\/div>\n    <\/div>\t\n\n<\/div>\n                                                    <\/div>\r\n                    <\/div> \r\n                                            <div class=\"load-more product-loadmore text-center col-md-12\">\r\n                            <a class=\"btn btn-primary\" data-paged=\"1\" data-totalpage=\"3\" id=\"product-loadmore\"> \r\n                            M\u00e1s ...                            \r\n                            <\/a>\r\n                        <\/div>    \r\n                                                                  \r\n                <\/div>\r\n            <\/div>\r\n    <\/div>\r\n\r\n<\/div>\n[\/vc_column][\/vc_row]<\/p>\n","protected":false},"excerpt":{"rendered":"<p>[vc_row][vc_column][vc_column_text]En las salas de despiece, con capacidad para deshuesar y despiezar aproximadamente 500 carcasas al d\u00eda, el proceso se desarrolla de acuerdo con diferentes est\u00e1ndares de corte en funci\u00f3n de las necesidades de los clientes. Los cortes se comercializan frescos o envasados al vac\u00edo. La carne envasada al vac\u00edo tiene [&hellip;]<\/p>\n","protected":false},"author":1,"featured_media":0,"parent":4620,"menu_order":1,"comment_status":"closed","ping_status":"closed","template":"","meta":{"footnotes":""},"_links":{"self":[{"href":"https:\/\/campicarn.pt\/es\/wp-json\/wp\/v2\/pages\/4631"}],"collection":[{"href":"https:\/\/campicarn.pt\/es\/wp-json\/wp\/v2\/pages"}],"about":[{"href":"https:\/\/campicarn.pt\/es\/wp-json\/wp\/v2\/types\/page"}],"author":[{"embeddable":true,"href":"https:\/\/campicarn.pt\/es\/wp-json\/wp\/v2\/users\/1"}],"replies":[{"embeddable":true,"href":"https:\/\/campicarn.pt\/es\/wp-json\/wp\/v2\/comments?post=4631"}],"version-history":[{"count":10,"href":"https:\/\/campicarn.pt\/es\/wp-json\/wp\/v2\/pages\/4631\/revisions"}],"predecessor-version":[{"id":4842,"href":"https:\/\/campicarn.pt\/es\/wp-json\/wp\/v2\/pages\/4631\/revisions\/4842"}],"up":[{"embeddable":true,"href":"https:\/\/campicarn.pt\/es\/wp-json\/wp\/v2\/pages\/4620"}],"wp:attachment":[{"href":"https:\/\/campicarn.pt\/es\/wp-json\/wp\/v2\/media?parent=4631"}],"curies":[{"name":"wp","href":"https:\/\/api.w.org\/{rel}","templated":true}]}}