{"id":4760,"date":"2018-02-12T01:22:27","date_gmt":"2018-02-12T01:22:27","guid":{"rendered":"http:\/\/campicarn.pt\/?page_id=4760"},"modified":"2018-02-14T10:26:22","modified_gmt":"2018-02-14T10:26:22","slug":"ternera","status":"publish","type":"page","link":"https:\/\/campicarn.pt\/es\/nuestros-productos\/piezas-de-carniceria\/ternera\/","title":{"rendered":"Ternera"},"content":{"rendered":"<p>[vc_row][vc_column]<div id=\"ultimate-heading-129469e1217765c3c\" class=\"uvc-heading ult-adjust-bottom-margin ultimate-heading-129469e1217765c3c uvc-7806 \" data-hspacer=\"no_spacer\"  data-halign=\"center\" style=\"text-align:center\"><div class=\"uvc-heading-spacer no_spacer\" style=\"top\"><\/div><div class=\"uvc-main-heading ult-responsive\"  data-ultimate-target='.uvc-heading.ultimate-heading-129469e1217765c3c h2'  data-responsive-json-new='{\"font-size\":\"\",\"line-height\":\"\"}' ><h2 style=\"font-weight:normal;margin-bottom:15px;\">Piezas De Carniceria - Ternera<\/h2><\/div><\/div>[vc_column_text]En las salas de despiece, con capacidad para deshuesar y despiezar aproximadamente 500 carcasas al d\u00eda, el proceso se desarrolla de acuerdo con diferentes est\u00e1ndares de corte en funci\u00f3n de las necesidades de los clientes.<\/p>\n<p>Los cortes se comercializan frescos o envasados al vac\u00edo.<\/p>\n<p>La carne envasada al vac\u00edo tiene un plazo de consumo de 30 d\u00edas aproximadamente (mantenida a una temperatura entre 0\u00baC y 4\u00baC).<\/p>\n<p>El envasado al vac\u00edo hace que la carne sea m\u00e1s tierna y que recupere su coloraci\u00f3n natural unos 30 minutos despu\u00e9s de retirarla del envase, expuesta al aire.[\/vc_column_text]<div class=\"product-filter-isotope \">    <div class=\"our-products \">\r\n            <div class=\"row\">\r\n                <div class=\"col-md-12 col-sm-12 col-xs-12\">\r\n                                                            <div class=\"our-products-content row\">\r\n                        <div class=\"product-grid product-entries-wrap isotope \">\r\n                                                            <div class=\"first item col-lg-3 col-md-4 col-sm-6 col-xs-12  piezas-de-carniceria piezas-ternera post-4756 product type-product status-publish has-post-thumbnail product_cat-piezas-de-carniceria product_cat-piezas-ternera yith_product_brand-campicarn-es  instock shipping-taxable product-type-simple\">\n\n    <div class=\"product-content\">\n        <div class=\"product-img\">\n                    <a href=\"https:\/\/campicarn.pt\/es\/producto\/ternera-solomillo\/\">\n        <img loading=\"lazy\" decoding=\"async\" width=\"300\" height=\"300\" src=\"\/\/campicarn.pt\/wp-content\/uploads\/2017\/10\/0309_lombo_web-300x300.jpg\" class=\"attachment-shop_catalog size-shop_catalog wp-post-image\" alt=\"\" \/>    <\/a>\n                    <\/div>\n        <div class=\"product-desc\">  \n\t        <div class=\"product-action\">\n\t                <div class=\"add-to\">\n        <\/div>\n        \t        <\/div>  \n            <h3><a href=\"https:\/\/campicarn.pt\/es\/producto\/ternera-solomillo\/\" class=\"product-name\">Solomillo<\/a><\/h3>\n            <div class=\"star-rating\" title=\"Not yet rated\"><span style=\"width:0%\"><strong class=\"rating\">0<\/strong> out of 5<\/span><\/div>\n        <\/div>\n    <\/div>\t\n\n<\/div>\n                                                            <div class=\"item col-lg-3 col-md-4 col-sm-6 col-xs-12  piezas-de-carniceria piezas-ternera post-4755 product type-product status-publish has-post-thumbnail product_cat-piezas-de-carniceria product_cat-piezas-ternera yith_product_brand-campicarn-es last instock shipping-taxable product-type-simple\">\n\n    <div class=\"product-content\">\n        <div class=\"product-img\">\n                    <a href=\"https:\/\/campicarn.pt\/es\/producto\/ternera-chuletero\/\">\n        <img loading=\"lazy\" decoding=\"async\" width=\"300\" height=\"300\" src=\"\/\/campicarn.pt\/wp-content\/uploads\/2017\/10\/0284_costeleta_web-300x300.jpg\" class=\"attachment-shop_catalog size-shop_catalog wp-post-image\" alt=\"\" \/>    <\/a>\n                    <\/div>\n        <div class=\"product-desc\">  \n\t        <div class=\"product-action\">\n\t                <div class=\"add-to\">\n        <\/div>\n        \t        <\/div>  \n            <h3><a href=\"https:\/\/campicarn.pt\/es\/producto\/ternera-chuletero\/\" class=\"product-name\">Chuletero<\/a><\/h3>\n            <div class=\"star-rating\" title=\"Not yet rated\"><span style=\"width:0%\"><strong class=\"rating\">0<\/strong> out of 5<\/span><\/div>\n        <\/div>\n    <\/div>\t\n\n<\/div>\n                                                            <div class=\"first item col-lg-3 col-md-4 col-sm-6 col-xs-12  piezas-de-carniceria piezas-ternera post-4754 product type-product status-publish has-post-thumbnail product_cat-piezas-de-carniceria product_cat-piezas-ternera yith_product_brand-campicarn-es  instock shipping-taxable product-type-simple\">\n\n    <div class=\"product-content\">\n        <div class=\"product-img\">\n                    <a href=\"https:\/\/campicarn.pt\/es\/producto\/ternera-carre\/\">\n        <img loading=\"lazy\" decoding=\"async\" width=\"300\" height=\"300\" src=\"\/\/campicarn.pt\/wp-content\/uploads\/2017\/10\/0261_carre_web-300x300.jpg\" class=\"attachment-shop_catalog size-shop_catalog wp-post-image\" alt=\"\" \/>    <\/a>\n                    <\/div>\n        <div class=\"product-desc\">  \n\t        <div class=\"product-action\">\n\t                <div class=\"add-to\">\n        <\/div>\n        \t        <\/div>  \n            <h3><a href=\"https:\/\/campicarn.pt\/es\/producto\/ternera-carre\/\" class=\"product-name\">Carr\u00e9<\/a><\/h3>\n            <div class=\"star-rating\" title=\"Not yet rated\"><span style=\"width:0%\"><strong class=\"rating\">0<\/strong> out of 5<\/span><\/div>\n        <\/div>\n    <\/div>\t\n\n<\/div>\n                                                            <div class=\"item col-lg-3 col-md-4 col-sm-6 col-xs-12  piezas-de-carniceria piezas-ternera post-4753 product type-product status-publish has-post-thumbnail product_cat-piezas-de-carniceria product_cat-piezas-ternera yith_product_brand-campicarn-es last instock shipping-taxable product-type-simple\">\n\n    <div class=\"product-content\">\n        <div class=\"product-img\">\n                    <a href=\"https:\/\/campicarn.pt\/es\/producto\/ternera-lomo-sin-hueso\/\">\n        <img loading=\"lazy\" decoding=\"async\" width=\"300\" height=\"300\" src=\"\/\/campicarn.pt\/wp-content\/uploads\/2017\/10\/0329_vazio_web-300x300.jpg\" class=\"attachment-shop_catalog size-shop_catalog wp-post-image\" alt=\"\" \/>    <\/a>\n                    <\/div>\n        <div class=\"product-desc\">  \n\t        <div class=\"product-action\">\n\t                <div class=\"add-to\">\n        <\/div>\n        \t        <\/div>  \n            <h3><a href=\"https:\/\/campicarn.pt\/es\/producto\/ternera-lomo-sin-hueso\/\" class=\"product-name\">Lomo sin Hueso<\/a><\/h3>\n            <div class=\"star-rating\" title=\"Not yet rated\"><span style=\"width:0%\"><strong class=\"rating\">0<\/strong> out of 5<\/span><\/div>\n        <\/div>\n    <\/div>\t\n\n<\/div>\n                                                            <div class=\"first item col-lg-3 col-md-4 col-sm-6 col-xs-12  piezas-de-carniceria piezas-ternera post-4752 product type-product status-publish has-post-thumbnail product_cat-piezas-de-carniceria product_cat-piezas-ternera yith_product_brand-campicarn-es  instock shipping-taxable product-type-simple\">\n\n    <div class=\"product-content\">\n        <div class=\"product-img\">\n                    <a href=\"https:\/\/campicarn.pt\/es\/producto\/ternera-lomo-alto-con-hueso\/\">\n        <img loading=\"lazy\" decoding=\"async\" width=\"300\" height=\"300\" src=\"\/\/campicarn.pt\/wp-content\/uploads\/2017\/10\/0333_acem_redondo_cosso_web-300x300.jpg\" class=\"attachment-shop_catalog size-shop_catalog wp-post-image\" alt=\"\" \/>    <\/a>\n                    <\/div>\n        <div class=\"product-desc\">  \n\t        <div class=\"product-action\">\n\t                <div class=\"add-to\">\n        <\/div>\n        \t        <\/div>  \n            <h3><a href=\"https:\/\/campicarn.pt\/es\/producto\/ternera-lomo-alto-con-hueso\/\" class=\"product-name\">Lomo Alto con Hueso<\/a><\/h3>\n            <div class=\"star-rating\" title=\"Not yet rated\"><span style=\"width:0%\"><strong class=\"rating\">0<\/strong> out of 5<\/span><\/div>\n        <\/div>\n    <\/div>\t\n\n<\/div>\n                                                            <div class=\"item col-lg-3 col-md-4 col-sm-6 col-xs-12  piezas-de-carniceria piezas-ternera post-4751 product type-product status-publish has-post-thumbnail product_cat-piezas-de-carniceria product_cat-piezas-ternera yith_product_brand-campicarn-es last instock shipping-taxable product-type-simple\">\n\n    <div class=\"product-content\">\n        <div class=\"product-img\">\n                    <a href=\"https:\/\/campicarn.pt\/es\/producto\/ternera-corazon-de-cadera\/\">\n        <img loading=\"lazy\" decoding=\"async\" width=\"300\" height=\"300\" src=\"\/\/campicarn.pt\/wp-content\/uploads\/2017\/10\/0216_coracao_alcatra_web-300x300.jpg\" class=\"attachment-shop_catalog size-shop_catalog wp-post-image\" alt=\"\" \/>    <\/a>\n                    <\/div>\n        <div class=\"product-desc\">  \n\t        <div class=\"product-action\">\n\t                <div class=\"add-to\">\n        <\/div>\n        \t        <\/div>  \n            <h3><a href=\"https:\/\/campicarn.pt\/es\/producto\/ternera-corazon-de-cadera\/\" class=\"product-name\">Coraz\u00f3n de Cadera<\/a><\/h3>\n            <div class=\"star-rating\" title=\"Not yet rated\"><span style=\"width:0%\"><strong class=\"rating\">0<\/strong> out of 5<\/span><\/div>\n        <\/div>\n    <\/div>\t\n\n<\/div>\n                                                            <div class=\"first item col-lg-3 col-md-4 col-sm-6 col-xs-12  piezas-de-carniceria piezas-ternera post-4733 product type-product status-publish has-post-thumbnail product_cat-piezas-de-carniceria product_cat-piezas-ternera yith_product_brand-campicarn-es  instock shipping-taxable product-type-simple\">\n\n    <div class=\"product-content\">\n        <div class=\"product-img\">\n                    <a href=\"https:\/\/campicarn.pt\/es\/producto\/ternera-tapilla-de-cadera\/\">\n        <img loading=\"lazy\" decoding=\"async\" width=\"300\" height=\"300\" src=\"\/\/campicarn.pt\/wp-content\/uploads\/2017\/10\/0234_picanha_web-300x300.jpg\" class=\"attachment-shop_catalog size-shop_catalog wp-post-image\" alt=\"\" \/>    <\/a>\n                    <\/div>\n        <div class=\"product-desc\">  \n\t        <div class=\"product-action\">\n\t                <div class=\"add-to\">\n        <\/div>\n        \t        <\/div>  \n            <h3><a href=\"https:\/\/campicarn.pt\/es\/producto\/ternera-tapilla-de-cadera\/\" class=\"product-name\">Tapilla de Cadera<\/a><\/h3>\n            <div class=\"star-rating\" title=\"Not yet rated\"><span style=\"width:0%\"><strong class=\"rating\">0<\/strong> out of 5<\/span><\/div>\n        <\/div>\n    <\/div>\t\n\n<\/div>\n                                                            <div class=\"item col-lg-3 col-md-4 col-sm-6 col-xs-12  piezas-de-carniceria piezas-ternera post-4749 product type-product status-publish has-post-thumbnail product_cat-piezas-de-carniceria product_cat-piezas-ternera yith_product_brand-campicarn-es last instock shipping-taxable product-type-simple\">\n\n    <div class=\"product-content\">\n        <div class=\"product-img\">\n                    <a href=\"https:\/\/campicarn.pt\/es\/producto\/ternera-cadera\/\">\n        <img loading=\"lazy\" decoding=\"async\" width=\"300\" height=\"300\" src=\"\/\/campicarn.pt\/wp-content\/uploads\/2017\/10\/0255_alcatra_web-300x300.jpg\" class=\"attachment-shop_catalog size-shop_catalog wp-post-image\" alt=\"\" \/>    <\/a>\n                    <\/div>\n        <div class=\"product-desc\">  \n\t        <div class=\"product-action\">\n\t                <div class=\"add-to\">\n        <\/div>\n        \t        <\/div>  \n            <h3><a href=\"https:\/\/campicarn.pt\/es\/producto\/ternera-cadera\/\" class=\"product-name\">Cadera<\/a><\/h3>\n            <div class=\"star-rating\" title=\"Not yet rated\"><span style=\"width:0%\"><strong class=\"rating\">0<\/strong> out of 5<\/span><\/div>\n        <\/div>\n    <\/div>\t\n\n<\/div>\n                                                            <div class=\"first item col-lg-3 col-md-4 col-sm-6 col-xs-12  piezas-de-carniceria piezas-ternera post-4748 product type-product status-publish has-post-thumbnail product_cat-piezas-de-carniceria product_cat-piezas-ternera yith_product_brand-campicarn-es  instock shipping-taxable product-type-simple\">\n\n    <div class=\"product-content\">\n        <div class=\"product-img\">\n                    <a href=\"https:\/\/campicarn.pt\/es\/producto\/ternera-punta-de-cadera\/\">\n        <img loading=\"lazy\" decoding=\"async\" width=\"300\" height=\"300\" src=\"\/\/campicarn.pt\/wp-content\/uploads\/2017\/10\/0314_maminha_web-300x300.jpg\" class=\"attachment-shop_catalog size-shop_catalog wp-post-image\" alt=\"\" \/>    <\/a>\n                    <\/div>\n        <div class=\"product-desc\">  \n\t        <div class=\"product-action\">\n\t                <div class=\"add-to\">\n        <\/div>\n        \t        <\/div>  \n            <h3><a href=\"https:\/\/campicarn.pt\/es\/producto\/ternera-punta-de-cadera\/\" class=\"product-name\">Punta de Cadera<\/a><\/h3>\n            <div class=\"star-rating\" title=\"Not yet rated\"><span style=\"width:0%\"><strong class=\"rating\">0<\/strong> out of 5<\/span><\/div>\n        <\/div>\n    <\/div>\t\n\n<\/div>\n                                                            <div class=\"item col-lg-3 col-md-4 col-sm-6 col-xs-12  piezas-de-carniceria piezas-ternera post-4747 product type-product status-publish has-post-thumbnail product_cat-piezas-de-carniceria product_cat-piezas-ternera yith_product_brand-campicarn-es last instock shipping-taxable product-type-simple\">\n\n    <div class=\"product-content\">\n        <div class=\"product-img\">\n                    <a href=\"https:\/\/campicarn.pt\/es\/producto\/ternera-redondo\/\">\n        <img loading=\"lazy\" decoding=\"async\" width=\"300\" height=\"300\" src=\"\/\/campicarn.pt\/wp-content\/uploads\/2017\/10\/0262_ganso_redondo_web-300x300.jpg\" class=\"attachment-shop_catalog size-shop_catalog wp-post-image\" alt=\"\" \/>    <\/a>\n                    <\/div>\n        <div class=\"product-desc\">  \n\t        <div class=\"product-action\">\n\t                <div class=\"add-to\">\n        <\/div>\n        \t        <\/div>  \n            <h3><a href=\"https:\/\/campicarn.pt\/es\/producto\/ternera-redondo\/\" class=\"product-name\">Redondo<\/a><\/h3>\n            <div class=\"star-rating\" title=\"Not yet rated\"><span style=\"width:0%\"><strong class=\"rating\">0<\/strong> out of 5<\/span><\/div>\n        <\/div>\n    <\/div>\t\n\n<\/div>\n                                                            <div class=\"first item col-lg-3 col-md-4 col-sm-6 col-xs-12  piezas-de-carniceria piezas-ternera post-4746 product type-product status-publish has-post-thumbnail product_cat-piezas-de-carniceria product_cat-piezas-ternera  instock shipping-taxable product-type-simple\">\n\n    <div class=\"product-content\">\n        <div class=\"product-img\">\n                    <a href=\"https:\/\/campicarn.pt\/es\/producto\/ternera-tapa\/\">\n        <img loading=\"lazy\" decoding=\"async\" width=\"300\" height=\"300\" src=\"\/\/campicarn.pt\/wp-content\/uploads\/2017\/10\/0274_pojadouro_web-300x300.jpg\" class=\"attachment-shop_catalog size-shop_catalog wp-post-image\" alt=\"\" \/>    <\/a>\n                    <\/div>\n        <div class=\"product-desc\">  \n\t        <div class=\"product-action\">\n\t                <div class=\"add-to\">\n        <\/div>\n        \t        <\/div>  \n            <h3><a href=\"https:\/\/campicarn.pt\/es\/producto\/ternera-tapa\/\" class=\"product-name\">Tapa<\/a><\/h3>\n            <div class=\"star-rating\" title=\"Not yet rated\"><span style=\"width:0%\"><strong class=\"rating\">0<\/strong> out of 5<\/span><\/div>\n        <\/div>\n    <\/div>\t\n\n<\/div>\n                                                            <div class=\"item col-lg-3 col-md-4 col-sm-6 col-xs-12  piezas-de-carniceria piezas-ternera post-4745 product type-product status-publish has-post-thumbnail product_cat-piezas-de-carniceria product_cat-piezas-ternera yith_product_brand-campicarn-es last instock shipping-taxable product-type-simple\">\n\n    <div class=\"product-content\">\n        <div class=\"product-img\">\n                    <a href=\"https:\/\/campicarn.pt\/es\/producto\/ternera-babilla\/\">\n        <img loading=\"lazy\" decoding=\"async\" width=\"300\" height=\"300\" src=\"\/\/campicarn.pt\/wp-content\/uploads\/2017\/10\/0296_rabadilha_web-300x300.jpg\" class=\"attachment-shop_catalog size-shop_catalog wp-post-image\" alt=\"\" \/>    <\/a>\n                    <\/div>\n        <div class=\"product-desc\">  \n\t        <div class=\"product-action\">\n\t                <div class=\"add-to\">\n        <\/div>\n        \t        <\/div>  \n            <h3><a href=\"https:\/\/campicarn.pt\/es\/producto\/ternera-babilla\/\" class=\"product-name\">Babilla<\/a><\/h3>\n            <div class=\"star-rating\" title=\"Not yet rated\"><span style=\"width:0%\"><strong class=\"rating\">0<\/strong> out of 5<\/span><\/div>\n        <\/div>\n    <\/div>\t\n\n<\/div>\n                                                    <\/div>\r\n                    <\/div> \r\n                                            <div class=\"load-more product-loadmore text-center col-md-12\">\r\n                            <a class=\"btn btn-primary\" data-paged=\"1\" data-totalpage=\"3\" id=\"product-loadmore\"> \r\n                            M\u00e1s ...                            \r\n                            <\/a>\r\n                        <\/div>    \r\n                                                                  \r\n                <\/div>\r\n            <\/div>\r\n    <\/div>\r\n\r\n<\/div>\n[\/vc_column][\/vc_row]<\/p>\n","protected":false},"excerpt":{"rendered":"<p>[vc_row][vc_column][vc_column_text]En las salas de despiece, con capacidad para deshuesar y despiezar aproximadamente 500 carcasas al d\u00eda, el proceso se desarrolla de acuerdo con diferentes est\u00e1ndares de corte en funci\u00f3n de las necesidades de los clientes. Los cortes se comercializan frescos o envasados al vac\u00edo. La carne envasada al vac\u00edo tiene [&hellip;]<\/p>\n","protected":false},"author":1,"featured_media":0,"parent":4620,"menu_order":1,"comment_status":"closed","ping_status":"closed","template":"","meta":{"footnotes":""},"_links":{"self":[{"href":"https:\/\/campicarn.pt\/es\/wp-json\/wp\/v2\/pages\/4760"}],"collection":[{"href":"https:\/\/campicarn.pt\/es\/wp-json\/wp\/v2\/pages"}],"about":[{"href":"https:\/\/campicarn.pt\/es\/wp-json\/wp\/v2\/types\/page"}],"author":[{"embeddable":true,"href":"https:\/\/campicarn.pt\/es\/wp-json\/wp\/v2\/users\/1"}],"replies":[{"embeddable":true,"href":"https:\/\/campicarn.pt\/es\/wp-json\/wp\/v2\/comments?post=4760"}],"version-history":[{"count":11,"href":"https:\/\/campicarn.pt\/es\/wp-json\/wp\/v2\/pages\/4760\/revisions"}],"predecessor-version":[{"id":4843,"href":"https:\/\/campicarn.pt\/es\/wp-json\/wp\/v2\/pages\/4760\/revisions\/4843"}],"up":[{"embeddable":true,"href":"https:\/\/campicarn.pt\/es\/wp-json\/wp\/v2\/pages\/4620"}],"wp:attachment":[{"href":"https:\/\/campicarn.pt\/es\/wp-json\/wp\/v2\/media?parent=4760"}],"curies":[{"name":"wp","href":"https:\/\/api.w.org\/{rel}","templated":true}]}}